{"id":54897,"date":"2016-11-22T18:57:13","date_gmt":"2016-11-22T16:57:13","guid":{"rendered":"https:\/\/safirkreatif.com\/tr\/?page_id=54897"},"modified":"2023-03-23T11:10:59","modified_gmt":"2023-03-23T08:10:59","slug":"sosyal-medya-danismanligi","status":"publish","type":"page","link":"https:\/\/safirkreatif.com\/tr\/sosyal-medya-danismanligi\/","title":{"rendered":"Sosyal Medya Dan\u0131\u015fmanl\u0131\u011f\u0131"},"content":{"rendered":"<p>[vc_row unlock_row_content=&#8221;yes&#8221; row_height_percent=&#8221;15&#8243; override_padding=&#8221;yes&#8221; h_padding=&#8221;1&#8243; top_padding=&#8221;2&#8243; bottom_padding=&#8221;2&#8243; overlay_alpha=&#8221;49&#8243; equal_height=&#8221;yes&#8221; gutter_size=&#8221;4&#8243; column_width_percent=&#8221;100&#8243; shift_y=&#8221;0&#8243; z_index=&#8221;0&#8243; uncode_shortcode_id=&#8221;120928&#8243; back_color_type=&#8221;uncode-solid&#8221; back_color_solid=&#8221;#ffffff&#8221;][vc_column column_width_percent=&#8221;78&#8243; position_vertical=&#8221;middle&#8221; align_horizontal=&#8221;align_center&#8221; gutter_size=&#8221;1&#8243; overlay_alpha=&#8221;50&#8243; shift_x=&#8221;0&#8243; shift_y=&#8221;0&#8243; shift_y_down=&#8221;0&#8243; z_index=&#8221;0&#8243; medium_width=&#8221;0&#8243; mobile_width=&#8221;0&#8243; width=&#8221;1\/1&#8243; uncode_shortcode_id=&#8221;877181&#8243;][vc_custom_heading heading_semantic=&#8221;h3&#8243; text_size=&#8221;fontsize-155944&#8243; separator=&#8221;yes&#8221; uncode_shortcode_id=&#8221;142680&#8243;]Sosyal Medya Dan\u0131\u015fmanl\u0131\u011f\u0131[\/vc_custom_heading][vc_column_text text_lead=&#8221;yes&#8221; uncode_shortcode_id=&#8221;107477&#8243; css=&#8221;.vc_custom_1679557297123{margin-top: 20px !important;margin-bottom: 20px !important;}&#8221;]Ya\u015fad\u0131\u011f\u0131m\u0131z son d\u00f6nemlerde <strong>sosyal medyan\u0131n g\u00fcc\u00fc<\/strong> sizin de g\u00fcc\u00fcn\u00fcz haline gelmeye ba\u015flad\u0131. Sosyal medyada ne kadar varl\u0131k g\u00f6sterebilir, ne kadar aktif olabilir ve ne kadar etkile\u015fimde bulunabilirseniz, marka de\u011feriniz, <strong>kazanc\u0131n\u0131z ve prestijiniz<\/strong> de bir o kadar artmaktad\u0131r. Bu y\u00fczden biz de sizler i\u00e7in, web sitenizi ya da kurumsal kimli\u011finizi en etkin bir \u015fekilde t\u00fcm sosyal medya platformlar\u0131nda (facebook, twitter, instagram, youtube google+ vb.) <strong>profesyonel olarak tan\u0131tarak<\/strong> daha etkin ve pop\u00fcler hale getiriyoruz. Sosyal medya y\u00f6netimi kullan\u0131m\u0131nda, sizin ve kurumsal markan\u0131z\u0131n ihtiya\u00e7lar\u0131na y\u00f6nelik, sekt\u00f6re uygun ve sizi toplum nezdinde,\u00a0kurum ve kurulu\u015flar\u00a0taraf\u0131ndan da, sosyal medyay\u0131 kullanarak nas\u0131l\u00a0\u00f6n plana \u00e7\u0131kartabiliriz bunun alt yap\u0131s\u0131n\u0131 haz\u0131rl\u0131yor\u00a0ve \u00e7al\u0131\u015fmalar\u0131m\u0131zla ihtiya\u00e7lar\u0131n\u0131za fazlas\u0131yla cevap veriyoruz. Reklam ve tan\u0131t\u0131mlar\u0131n\u0131z i\u00e7in de sosyal medya platformlar\u0131na g\u00f6re, <strong>en etkili ve do\u011fru reklam kullan\u0131m\u0131<\/strong> dan\u0131\u015fmanl\u0131\u011f\u0131 da vermekteyiz.[\/vc_column_text][\/vc_column][\/vc_row][vc_row row_height_percent=&#8221;0&#8243; override_padding=&#8221;yes&#8221; h_padding=&#8221;2&#8243; top_padding=&#8221;2&#8243; bottom_padding=&#8221;2&#8243; overlay_alpha=&#8221;50&#8243; gutter_size=&#8221;3&#8243; column_width_percent=&#8221;100&#8243; shift_y=&#8221;0&#8243; z_index=&#8221;1&#8243; enable_top_divider=&#8221;default&#8221; top_divider=&#8221;fan-opacity&#8221; shape_top_h_use_pixel=&#8221;&#8221; shape_top_height=&#8221;150&#8243; shape_top_opacity=&#8221;100&#8243; shape_top_index=&#8221;0&#8243; enable_bottom_divider=&#8221;default&#8221; bottom_divider=&#8221;fan-opacity&#8221; shape_bottom_h_use_pixel=&#8221;&#8221; shape_bottom_height=&#8221;150&#8243; shape_bottom_opacity=&#8221;100&#8243; shape_bottom_index=&#8221;0&#8243; uncode_shortcode_id=&#8221;592309&#8243; back_color_type=&#8221;uncode-solid&#8221; back_color_solid=&#8221;#f4f4f4&#8243;][vc_column column_width_percent=&#8221;100&#8243; gutter_size=&#8221;4&#8243; overlay_alpha=&#8221;50&#8243; shift_x=&#8221;0&#8243; shift_y=&#8221;0&#8243; shift_y_down=&#8221;0&#8243; z_index=&#8221;0&#8243; medium_width=&#8221;0&#8243; mobile_width=&#8221;0&#8243; width=&#8221;1\/1&#8243;][vc_row_inner row_inner_height_percent=&#8221;0&#8243; overlay_alpha=&#8221;50&#8243; equal_height=&#8221;yes&#8221; gutter_size=&#8221;4&#8243; shift_y=&#8221;0&#8243; z_index=&#8221;0&#8243; limit_content=&#8221;&#8221;][vc_column_inner column_width_percent=&#8221;100&#8243; gutter_size=&#8221;3&#8243; overlay_alpha=&#8221;50&#8243; shift_x=&#8221;0&#8243; shift_y=&#8221;0&#8243; shift_y_down=&#8221;0&#8243; z_index=&#8221;0&#8243; medium_width=&#8221;3&#8243; mobile_width=&#8221;0&#8243; radius=&#8221;sm&#8221; width=&#8221;1\/3&#8243;][vc_icon display=&#8221;inline&#8221; icon=&#8221;fa fa-linegraph&#8221; icon_color=&#8221;accent&#8221; size=&#8221;fa-3x&#8221; text_size=&#8221;h4&#8243; title=&#8221;Sosyal Medya Stratejisi Geli\u015ftirme&#8221; link=&#8221;|||&#8221; uncode_shortcode_id=&#8221;518930&#8243; icon_color_type=&#8221;uncode-palette&#8221;]<\/p>\n<p style=\"text-align: justify;\">\u015eirketlerin hedeflerine ve hedef kitlelerine uygun bir sosyal medya stratejisi geli\u015ftirerek, m\u00fc\u015fterilerinin sosyal medyada daha etkili bir varl\u0131k olmas\u0131n\u0131 sa\u011fl\u0131yoruz.<\/p>\n<p>[\/vc_icon][\/vc_column_inner][vc_column_inner column_width_percent=&#8221;100&#8243; gutter_size=&#8221;3&#8243; overlay_alpha=&#8221;50&#8243; shift_x=&#8221;0&#8243; shift_y=&#8221;0&#8243; shift_y_down=&#8221;0&#8243; z_index=&#8221;0&#8243; medium_width=&#8221;3&#8243; mobile_width=&#8221;0&#8243; radius=&#8221;sm&#8221; width=&#8221;1\/3&#8243;][vc_icon display=&#8221;inline&#8221; icon=&#8221;fa fa-profile-male&#8221; icon_color=&#8221;accent&#8221; size=&#8221;fa-3x&#8221; text_size=&#8221;h4&#8243; title=&#8221;Sosyal Medya Y\u00f6netimi&#8221; link=&#8221;|||&#8221; uncode_shortcode_id=&#8221;145638&#8243; icon_color_type=&#8221;uncode-palette&#8221;]<\/p>\n<p style=\"text-align: justify;\">Firmalar\u0131n sosyal medya hesaplar\u0131n\u0131n y\u00f6netimi. Buna, hesaplar\u0131 g\u00fcncelleme, yan\u0131t verme, takip\u00e7i kazanma, sosyal medya kampanyalar\u0131 planlama ve uygulama gibi i\u015flemler dahildir.<\/p>\n<p>[\/vc_icon][\/vc_column_inner][vc_column_inner column_width_percent=&#8221;100&#8243; gutter_size=&#8221;3&#8243; overlay_alpha=&#8221;50&#8243; shift_x=&#8221;0&#8243; shift_y=&#8221;0&#8243; shift_y_down=&#8221;0&#8243; z_index=&#8221;0&#8243; medium_width=&#8221;3&#8243; mobile_width=&#8221;0&#8243; radius=&#8221;sm&#8221; width=&#8221;1\/3&#8243; link_to=&#8221;|||&#8221;][vc_icon display=&#8221;inline&#8221; icon=&#8221;fa fa-content-right&#8221; icon_color=&#8221;accent&#8221; size=&#8221;fa-3x&#8221; text_size=&#8221;h4&#8243; title=&#8221;\u0130\u00e7erik Y\u00f6netimi&#8221; link=&#8221;|||&#8221; uncode_shortcode_id=&#8221;521108&#8243; icon_color_type=&#8221;uncode-palette&#8221;]<\/p>\n<p style=\"text-align: justify;\">Ajans olarak, m\u00fc\u015fterilerimize uygun ve etkili i\u00e7erikler haz\u0131rlayarak, hedef kitlelerine ula\u015fmalar\u0131n\u0131 sa\u011flamaktay\u0131z. Bu i\u00e7erikler aras\u0131nda metin, g\u00f6rsel ve video i\u00e7erikleri bulunur.<\/p>\n<p>[\/vc_icon][\/vc_column_inner][\/vc_row_inner][vc_row_inner row_inner_height_percent=&#8221;0&#8243; overlay_alpha=&#8221;50&#8243; equal_height=&#8221;yes&#8221; gutter_size=&#8221;4&#8243; shift_y=&#8221;0&#8243; z_index=&#8221;0&#8243; limit_content=&#8221;&#8221;][vc_column_inner column_width_percent=&#8221;100&#8243; gutter_size=&#8221;3&#8243; overlay_alpha=&#8221;50&#8243; shift_x=&#8221;0&#8243; shift_y=&#8221;0&#8243; shift_y_down=&#8221;0&#8243; z_index=&#8221;0&#8243; medium_width=&#8221;3&#8243; mobile_width=&#8221;0&#8243; radius=&#8221;sm&#8221; width=&#8221;1\/3&#8243;][vc_icon display=&#8221;inline&#8221; icon=&#8221;fa fa-megaphone&#8221; icon_color=&#8221;accent&#8221; size=&#8221;fa-3x&#8221; text_size=&#8221;h4&#8243; title=&#8221;Reklam Y\u00f6netimi&#8221; link=&#8221;|||&#8221; uncode_shortcode_id=&#8221;690642&#8243; icon_color_type=&#8221;uncode-palette&#8221;]<\/p>\n<p style=\"text-align: justify;\">Sosyal medya reklamlar\u0131n\u0131n (Intagram, Youtube, Facebook, Linkedin, Snapchat, TikTok) hedef kitleye g\u00f6sterilmesi, b\u00fct\u00e7enin y\u00f6netilmesi ve reklam kampanyalar\u0131n\u0131n performans\u0131n\u0131n \u00f6l\u00e7\u00fclmesi gibi i\u015flemleri y\u00fcr\u00fct\u00fclmektedir.<\/p>\n<p>[\/vc_icon][\/vc_column_inner][vc_column_inner column_width_percent=&#8221;100&#8243; gutter_size=&#8221;3&#8243; overlay_alpha=&#8221;50&#8243; shift_x=&#8221;0&#8243; shift_y=&#8221;0&#8243; shift_y_down=&#8221;0&#8243; z_index=&#8221;0&#8243; medium_width=&#8221;3&#8243; mobile_width=&#8221;0&#8243; radius=&#8221;sm&#8221; width=&#8221;1\/3&#8243;][vc_icon display=&#8221;inline&#8221; icon=&#8221;fa fa-bargraph&#8221; icon_color=&#8221;accent&#8221; size=&#8221;fa-3x&#8221; text_size=&#8221;h4&#8243; title=&#8221;Analiz ve Raporlama&#8221; link=&#8221;|||&#8221; uncode_shortcode_id=&#8221;143589&#8243; icon_color_type=&#8221;uncode-palette&#8221;]<\/p>\n<p style=\"text-align: justify;\">Sosyal medya hesaplar\u0131 ve reklam kampanyalar\u0131n\u0131n performanslar\u0131 analiz edilir ve raporlar haz\u0131rlan\u0131r. Bu raporlar, m\u00fc\u015fterilerin kampanyalar\u0131n\u0131n etkisini \u00f6l\u00e7melerine ve iyile\u015ftirmeler yapmalar\u0131na yard\u0131mc\u0131 olur.<\/p>\n<p>[\/vc_icon][\/vc_column_inner][vc_column_inner column_width_percent=&#8221;100&#8243; gutter_size=&#8221;3&#8243; overlay_alpha=&#8221;50&#8243; shift_x=&#8221;0&#8243; shift_y=&#8221;0&#8243; shift_y_down=&#8221;0&#8243; z_index=&#8221;0&#8243; medium_width=&#8221;3&#8243; mobile_width=&#8221;0&#8243; radius=&#8221;sm&#8221; width=&#8221;1\/3&#8243; link_to=&#8221;|||&#8221;][vc_icon display=&#8221;inline&#8221; icon=&#8221;fa fa-smile&#8221; icon_color=&#8221;accent&#8221; size=&#8221;fa-3x&#8221; text_size=&#8221;h4&#8243; title=&#8221;Influencer Pazarlama&#8221; link=&#8221;|||&#8221; uncode_shortcode_id=&#8221;766762&#8243; icon_color_type=&#8221;uncode-palette&#8221;]<\/p>\n<p style=\"text-align: justify;\">M\u00fc\u015fterileri i\u00e7in uygun olan influencer&#8217;larla i\u015f birli\u011fi yaparak, \u00fcr\u00fcnlerinin veya hizmetlerinin tan\u0131t\u0131m\u0131 yap\u0131l\u0131r.<\/p>\n<p>[\/vc_icon][\/vc_column_inner][\/vc_row_inner][\/vc_column][\/vc_row][vc_row][vc_column width=&#8221;1\/1&#8243;][vc_custom_heading heading_semantic=&#8221;h3&#8243;]<\/p>\n<h3 style=\"text-align: center;\">Sosyal Medya Dan\u0131\u015fmanl\u0131\u011f\u0131\u00a0Referanslar\u0131<\/h3>\n<p>[\/vc_custom_heading][vc_gallery el_id=&#8221;gallery-108911&#8243; medias=&#8221;54943,54474,54477,54627,54626&#8243; gutter_size=&#8221;3&#8243; screen_lg=&#8221;1000&#8243; screen_md=&#8221;600&#8243; screen_sm=&#8221;480&#8243; single_width=&#8221;6&#8243; single_overlay_opacity=&#8221;50&#8243; single_padding=&#8221;2&#8243; items=&#8221;eyI1NDQ3N19pIjp7InNpbmdsZV9pY29uIjoiIn19&#8243; uncode_shortcode_id=&#8221;777004&#8243;][\/vc_column][\/vc_row][vc_row row_height_percent=&#8221;0&#8243; override_padding=&#8221;yes&#8221; h_padding=&#8221;2&#8243; top_padding=&#8221;5&#8243; bottom_padding=&#8221;5&#8243; back_color=&#8221;color-wayh&#8221; back_image=&#8221;55066&#8243; parallax=&#8221;yes&#8221; overlay_color=&#8221;accent&#8221; overlay_alpha=&#8221;80&#8243; gutter_size=&#8221;3&#8243; column_width_percent=&#8221;100&#8243; shift_y=&#8221;0&#8243; z_index=&#8221;0&#8243; top_divider=&#8221;gradient&#8221; bottom_divider=&#8221;gradient&#8221;][vc_column column_width_percent=&#8221;100&#8243; position_vertical=&#8221;middle&#8221; align_horizontal=&#8221;align_center&#8221; gutter_size=&#8221;4&#8243; style=&#8221;dark&#8221; overlay_alpha=&#8221;50&#8243; shift_x=&#8221;0&#8243; shift_y=&#8221;0&#8243; shift_y_down=&#8221;0&#8243; z_index=&#8221;0&#8243; medium_width=&#8221;0&#8243; mobile_width=&#8221;0&#8243; width=&#8221;1\/1&#8243;][vc_row_inner row_inner_height_percent=&#8221;0&#8243; overlay_alpha=&#8221;50&#8243; gutter_size=&#8221;4&#8243; shift_y=&#8221;0&#8243; z_index=&#8221;0&#8243; limit_content=&#8221;&#8221;][vc_column_inner column_width_percent=&#8221;100&#8243; align_horizontal=&#8221;align_center&#8221; gutter_size=&#8221;3&#8243; style=&#8221;dark&#8221; overlay_alpha=&#8221;50&#8243; shift_x=&#8221;0&#8243; shift_y=&#8221;0&#8243; shift_y_down=&#8221;0&#8243; z_index=&#8221;0&#8243; medium_width=&#8221;0&#8243; mobile_width=&#8221;0&#8243; width=&#8221;1\/1&#8243;][vc_custom_heading heading_semantic=&#8221;h3&#8243; text_size=&#8221;fontsize-338686&#8243; css_animation=&#8221;curtain&#8221; interval_animation=&#8221;200&#8243; uncode_shortcode_id=&#8221;361213&#8243;]<span class=\"heading-text-highlight \" data-atts='{\"bg\":\"style-color-xsdn-bg\",\"height\":\"15%\",\"offset\":\"0.15em\",\"opacity\":\"0.25\",\"animated\":\"yes\"}'>detayl\u0131 bilgi i\u00e7in bize ula\u015f\u0131n.<\/span>[\/vc_custom_heading][vc_empty_space empty_h=&#8221;1&#8243; mobile_visibility=&#8221;yes&#8221;][vc_button shadow=&#8221;yes&#8221; border_width=&#8221;0&#8243; css_animation=&#8221;zoom-in&#8221; animation_delay=&#8221;800&#8243; link=&#8221;url:tel%3A05069811693|target:_blank&#8221; uncode_shortcode_id=&#8221;466284&#8243;]Bizi aray\u0131n[\/vc_button][\/vc_column_inner][\/vc_row_inner][\/vc_column][\/vc_row]<\/p>\n","protected":false},"excerpt":{"rendered":"<p>[vc_row unlock_row_content=&#8221;yes&#8221; row_height_percent=&#8221;15&#8243; override_padding=&#8221;yes&#8221; h_padding=&#8221;1&#8243; top_padding=&#8221;2&#8243; bottom_padding=&#8221;2&#8243; overlay_alpha=&#8221;49&#8243; equal_height=&#8221;yes&#8221; gutter_size=&#8221;4&#8243; column_width_percent=&#8221;100&#8243; shift_y=&#8221;0&#8243; z_index=&#8221;0&#8243; uncode_shortcode_id=&#8221;120928&#8243; back_color_type=&#8221;uncode-solid&#8221; back_color_solid=&#8221;#ffffff&#8221;][vc_column column_width_percent=&#8221;78&#8243; position_vertical=&#8221;middle&#8221; align_horizontal=&#8221;align_center&#8221; gutter_size=&#8221;1&#8243; [&hellip;]<\/p>\n","protected":false},"author":1,"featured_media":0,"parent":0,"menu_order":0,"comment_status":"closed","ping_status":"closed","template":"","meta":{"_joinchat":[],"footnotes":""},"class_list":["post-54897","page","type-page","status-publish","hentry"],"aioseo_notices":[],"_links":{"self":[{"href":"https:\/\/safirkreatif.com\/tr\/wp-json\/wp\/v2\/pages\/54897","targetHints":{"allow":["GET"]}}],"collection":[{"href":"https:\/\/safirkreatif.com\/tr\/wp-json\/wp\/v2\/pages"}],"about":[{"href":"https:\/\/safirkreatif.com\/tr\/wp-json\/wp\/v2\/types\/page"}],"author":[{"embeddable":true,"href":"https:\/\/safirkreatif.com\/tr\/wp-json\/wp\/v2\/users\/1"}],"replies":[{"embeddable":true,"href":"https:\/\/safirkreatif.com\/tr\/wp-json\/wp\/v2\/comments?post=54897"}],"version-history":[{"count":0,"href":"https:\/\/safirkreatif.com\/tr\/wp-json\/wp\/v2\/pages\/54897\/revisions"}],"wp:attachment":[{"href":"https:\/\/safirkreatif.com\/tr\/wp-json\/wp\/v2\/media?parent=54897"}],"curies":[{"name":"wp","href":"https:\/\/api.w.org\/{rel}","templated":true}]}}