{"id":54891,"date":"2016-11-22T18:21:49","date_gmt":"2016-11-22T16:21:49","guid":{"rendered":"https:\/\/safirkreatif.com\/tr\/?page_id=54891"},"modified":"2023-03-23T10:31:12","modified_gmt":"2023-03-23T07:31:12","slug":"grafik-tasarimi","status":"publish","type":"page","link":"https:\/\/safirkreatif.com\/tr\/grafik-tasarimi\/","title":{"rendered":"Grafik Tasar\u0131m\u0131"},"content":{"rendered":"<p>[vc_row unlock_row_content=&#8221;yes&#8221; row_height_percent=&#8221;15&#8243; override_padding=&#8221;yes&#8221; h_padding=&#8221;1&#8243; top_padding=&#8221;2&#8243; bottom_padding=&#8221;2&#8243; overlay_alpha=&#8221;49&#8243; equal_height=&#8221;yes&#8221; gutter_size=&#8221;4&#8243; column_width_percent=&#8221;100&#8243; shift_y=&#8221;0&#8243; z_index=&#8221;0&#8243; uncode_shortcode_id=&#8221;120928&#8243; back_color_type=&#8221;uncode-solid&#8221; back_color_solid=&#8221;#ffffff&#8221;][vc_column column_width_percent=&#8221;78&#8243; position_vertical=&#8221;middle&#8221; align_horizontal=&#8221;align_center&#8221; gutter_size=&#8221;1&#8243; overlay_alpha=&#8221;50&#8243; shift_x=&#8221;0&#8243; shift_y=&#8221;0&#8243; shift_y_down=&#8221;0&#8243; z_index=&#8221;0&#8243; medium_width=&#8221;0&#8243; mobile_width=&#8221;0&#8243; width=&#8221;1\/1&#8243; uncode_shortcode_id=&#8221;877181&#8243;][vc_custom_heading heading_semantic=&#8221;h3&#8243; text_size=&#8221;fontsize-155944&#8243; separator=&#8221;yes&#8221; uncode_shortcode_id=&#8221;809269&#8243;]Grafik Tasar\u0131m Hizmetleri[\/vc_custom_heading][vc_column_text text_lead=&#8221;yes&#8221; uncode_shortcode_id=&#8221;214706&#8243; css=&#8221;.vc_custom_1679554963326{margin-top: 20px !important;margin-bottom: 20px !important;}&#8221;]Grafik tasar\u0131m hizmetlerimiz, ba\u015fta marka de\u011ferinizi art\u0131rmak ve <strong>markan\u0131za de\u011fer katmak<\/strong> i\u00e7in <strong>kurumsal kimlik tasar\u0131m\u0131<\/strong> (amblem-logo dan kartvizite, antetli k\u00e2\u011f\u0131ttan, tabelaya, web sitesinden faturaya kadar her \u015fey) olu\u015fturmaktay\u0131z. Ayr\u0131ca size ya da kurumunuza \u00f6zel logo tasar\u0131mlar\u0131, web siteniz, markan\u0131z i\u00e7in banner tasar\u0131mlar\u0131, kurumsal firmalar ve \u00fcr\u00fcnleri i\u00e7in de katalog ve bro\u015f\u00fcr tasar\u0131m\u0131 hizmeti vermekteyiz. Ayr\u0131ca web sitelerinizin ya da kurumsal firman\u0131z\u0131n sosyal medya hesaplar\u0131n\u0131n ihtiya\u00e7 duydu\u011fu, <strong>sekt\u00f6re, konuya ve konsepte uygun payla\u015f\u0131mlar<\/strong> i\u00e7in uygun grafiklerin haz\u0131rlanmas\u0131 hizmeti de vermekteyiz. Firman\u0131z\u0131n reklam ve tan\u0131t\u0131m hizmetleri, markala\u015fma ve <strong>markan\u0131z\u0131n de\u011fer kazanarak\u00a0daha pop\u00fcler hale gelmesi<\/strong>\u00a0a\u00e7\u0131s\u0131ndan olduk\u00e7a \u00f6nem arz etmektedir.[\/vc_column_text][\/vc_column][\/vc_row][vc_row row_height_percent=&#8221;0&#8243; override_padding=&#8221;yes&#8221; h_padding=&#8221;2&#8243; top_padding=&#8221;2&#8243; bottom_padding=&#8221;2&#8243; overlay_alpha=&#8221;50&#8243; gutter_size=&#8221;3&#8243; column_width_percent=&#8221;100&#8243; shift_y=&#8221;0&#8243; z_index=&#8221;1&#8243; enable_top_divider=&#8221;default&#8221; top_divider=&#8221;fan-opacity&#8221; shape_top_h_use_pixel=&#8221;&#8221; shape_top_height=&#8221;150&#8243; shape_top_opacity=&#8221;100&#8243; shape_top_index=&#8221;0&#8243; enable_bottom_divider=&#8221;default&#8221; bottom_divider=&#8221;fan-opacity&#8221; shape_bottom_h_use_pixel=&#8221;&#8221; shape_bottom_height=&#8221;150&#8243; shape_bottom_opacity=&#8221;100&#8243; shape_bottom_index=&#8221;0&#8243; uncode_shortcode_id=&#8221;592309&#8243; back_color_type=&#8221;uncode-solid&#8221; back_color_solid=&#8221;#f4f4f4&#8243;][vc_column column_width_percent=&#8221;100&#8243; gutter_size=&#8221;4&#8243; overlay_alpha=&#8221;50&#8243; shift_x=&#8221;0&#8243; shift_y=&#8221;0&#8243; shift_y_down=&#8221;0&#8243; z_index=&#8221;0&#8243; medium_width=&#8221;0&#8243; mobile_width=&#8221;0&#8243; width=&#8221;1\/1&#8243;][vc_row_inner row_inner_height_percent=&#8221;0&#8243; overlay_alpha=&#8221;50&#8243; equal_height=&#8221;yes&#8221; gutter_size=&#8221;4&#8243; shift_y=&#8221;0&#8243; z_index=&#8221;0&#8243; limit_content=&#8221;&#8221;][vc_column_inner column_width_percent=&#8221;100&#8243; gutter_size=&#8221;3&#8243; overlay_alpha=&#8221;50&#8243; shift_x=&#8221;0&#8243; shift_y=&#8221;0&#8243; shift_y_down=&#8221;0&#8243; z_index=&#8221;0&#8243; medium_width=&#8221;3&#8243; mobile_width=&#8221;0&#8243; radius=&#8221;sm&#8221; width=&#8221;1\/3&#8243;][vc_icon display=&#8221;inline&#8221; icon=&#8221;fa fa-tencent-weibo&#8221; icon_color=&#8221;accent&#8221; size=&#8221;fa-3x&#8221; text_size=&#8221;h4&#8243; title=&#8221;Logo Tasar\u0131m\u0131&#8221; link=&#8221;|||&#8221; uncode_shortcode_id=&#8221;303910&#8243; icon_color_type=&#8221;uncode-palette&#8221;]<\/p>\n<p style=\"text-align: justify;\">Firman\u0131z\u0131n veya markan\u0131z\u0131n kimli\u011fini yans\u0131tan bir logo tasar\u0131m\u0131 olu\u015fturmak i\u00e7in \u00e7al\u0131\u015f\u0131l\u0131r. Siz m\u00fc\u015fterilerimiz ile yap\u0131lan g\u00f6r\u00fc\u015fmeler sonucunda, ihtiya\u00e7lar\u0131n\u0131z\u0131 ve isteklerinizi yans\u0131tan bir logo tasar\u0131m\u0131 haz\u0131rlan\u0131r.<\/p>\n<p>[\/vc_icon][\/vc_column_inner][vc_column_inner column_width_percent=&#8221;100&#8243; gutter_size=&#8221;3&#8243; overlay_alpha=&#8221;50&#8243; shift_x=&#8221;0&#8243; shift_y=&#8221;0&#8243; shift_y_down=&#8221;0&#8243; z_index=&#8221;0&#8243; medium_width=&#8221;3&#8243; mobile_width=&#8221;0&#8243; radius=&#8221;sm&#8221; width=&#8221;1\/3&#8243;][vc_icon display=&#8221;inline&#8221; icon=&#8221;fa fa-business-card&#8221; icon_color=&#8221;accent&#8221; size=&#8221;fa-3x&#8221; text_size=&#8221;h4&#8243; title=&#8221;Kurumsal Kimlik&#8221; link=&#8221;|||&#8221; uncode_shortcode_id=&#8221;351400&#8243; icon_color_type=&#8221;uncode-palette&#8221;]<\/p>\n<p style=\"text-align: justify;\">Kurumsal kimlik hizmetleri, bir kurulu\u015fun imaj\u0131n\u0131 olu\u015fturan t\u00fcm tasar\u0131m unsurlar\u0131n\u0131 i\u00e7erir. Bu hizmetler, marka kimli\u011fi olu\u015fturma, logo tasar\u0131m\u0131, reklam kampanyalar\u0131, bas\u0131l\u0131 malzemeler ve web siteleri gibi alanlar\u0131 kapsar.<\/p>\n<p>[\/vc_icon][\/vc_column_inner][vc_column_inner column_width_percent=&#8221;100&#8243; gutter_size=&#8221;3&#8243; overlay_alpha=&#8221;50&#8243; shift_x=&#8221;0&#8243; shift_y=&#8221;0&#8243; shift_y_down=&#8221;0&#8243; z_index=&#8221;0&#8243; medium_width=&#8221;3&#8243; mobile_width=&#8221;0&#8243; radius=&#8221;sm&#8221; width=&#8221;1\/3&#8243; link_to=&#8221;|||&#8221;][vc_icon display=&#8221;inline&#8221; icon=&#8221;fa fa-megaphone&#8221; icon_color=&#8221;accent&#8221; size=&#8221;fa-3x&#8221; text_size=&#8221;h4&#8243; title=&#8221;Reklam Tasar\u0131m\u0131&#8221; link=&#8221;|||&#8221; uncode_shortcode_id=&#8221;171966&#8243; icon_color_type=&#8221;uncode-palette&#8221;]<\/p>\n<p style=\"text-align: justify;\">M\u00fc\u015fterileriz i\u00e7in \u00e7e\u015fitli reklam tasar\u0131mlar\u0131 haz\u0131rlayabilir. Bu hizmet, dijital veya bas\u0131l\u0131 reklamlar i\u00e7erebilir. Yap\u0131lan reklamlar\u0131n amac\u0131, m\u00fc\u015fterilerimizin \u00fcr\u00fcn ve hizmetlerini daha geni\u015f bir kitleye tan\u0131tmak ve sat\u0131\u015flar\u0131n\u0131 art\u0131rmakt\u0131r.<\/p>\n<p>[\/vc_icon][\/vc_column_inner][\/vc_row_inner][vc_row_inner row_inner_height_percent=&#8221;0&#8243; overlay_alpha=&#8221;50&#8243; equal_height=&#8221;yes&#8221; gutter_size=&#8221;4&#8243; shift_y=&#8221;0&#8243; z_index=&#8221;0&#8243; limit_content=&#8221;&#8221;][vc_column_inner column_width_percent=&#8221;100&#8243; gutter_size=&#8221;3&#8243; overlay_alpha=&#8221;50&#8243; shift_x=&#8221;0&#8243; shift_y=&#8221;0&#8243; shift_y_down=&#8221;0&#8243; z_index=&#8221;0&#8243; medium_width=&#8221;3&#8243; mobile_width=&#8221;0&#8243; radius=&#8221;sm&#8221; width=&#8221;1\/3&#8243;][vc_icon display=&#8221;inline&#8221; icon=&#8221;fa fa-bag&#8221; icon_color=&#8221;accent&#8221; size=&#8221;fa-3x&#8221; text_size=&#8221;h4&#8243; title=&#8221;Ambalaj Tasar\u0131m\u0131&#8221; link=&#8221;|||&#8221; uncode_shortcode_id=&#8221;243276&#8243; icon_color_type=&#8221;uncode-palette&#8221;]<\/p>\n<p style=\"text-align: justify;\">Bir \u015firketin \u00fcr\u00fcn ambalaj tasar\u0131m\u0131, marka kimli\u011finin bir par\u00e7as\u0131d\u0131r ve m\u00fc\u015fterilerin ilgisini \u00e7ekmek i\u00e7in \u00f6nemlidir. M\u00fc\u015fterilerimiz i\u00e7in \u00f6zelle\u015ftirilmi\u015f ambalaj tasar\u0131mlar\u0131 haz\u0131rlay\u0131p ve marka kimli\u011fine uygun \u015fekilde tasarlamaktay\u0131z.<\/p>\n<p>[\/vc_icon][\/vc_column_inner][vc_column_inner column_width_percent=&#8221;100&#8243; gutter_size=&#8221;3&#8243; overlay_alpha=&#8221;50&#8243; shift_x=&#8221;0&#8243; shift_y=&#8221;0&#8243; shift_y_down=&#8221;0&#8243; z_index=&#8221;0&#8243; medium_width=&#8221;3&#8243; mobile_width=&#8221;0&#8243; radius=&#8221;sm&#8221; width=&#8221;1\/3&#8243;][vc_icon display=&#8221;inline&#8221; icon=&#8221;fa fa-camera2&#8243; icon_color=&#8221;accent&#8221; size=&#8221;fa-3x&#8221; text_size=&#8221;h4&#8243; title=&#8221;Foto\u011fraf\u00e7\u0131l\u0131k&#8221; link=&#8221;|||&#8221; uncode_shortcode_id=&#8221;985090&#8243; icon_color_type=&#8221;uncode-palette&#8221;]<\/p>\n<p style=\"text-align: justify;\">M\u00fc\u015fterilerimiz i\u00e7in \u00f6zelle\u015ftirilmi\u015f foto\u011fraf \u00e7ekimi hizmetleri sunmaktay\u0131z. Bu hizmet, \u00fcr\u00fcn foto\u011fraflar\u0131, reklam foto\u011fraflar\u0131, web siteleri i\u00e7in stok foto\u011fraflar, portreler ve di\u011fer foto\u011fraf ihtiya\u00e7lar\u0131 i\u00e7in kullan\u0131labilir.<\/p>\n<p>[\/vc_icon][\/vc_column_inner][vc_column_inner column_width_percent=&#8221;100&#8243; gutter_size=&#8221;3&#8243; overlay_alpha=&#8221;50&#8243; shift_x=&#8221;0&#8243; shift_y=&#8221;0&#8243; shift_y_down=&#8221;0&#8243; z_index=&#8221;0&#8243; medium_width=&#8221;3&#8243; mobile_width=&#8221;0&#8243; radius=&#8221;sm&#8221; width=&#8221;1\/3&#8243; link_to=&#8221;|||&#8221;][vc_icon display=&#8221;inline&#8221; icon=&#8221;fa fa-screen&#8221; icon_color=&#8221;accent&#8221; size=&#8221;fa-3x&#8221; text_size=&#8221;h4&#8243; title=&#8221;Web Tasar\u0131m\u0131&#8221; link=&#8221;|||&#8221; uncode_shortcode_id=&#8221;143116&#8243; icon_color_type=&#8221;uncode-palette&#8221;]<\/p>\n<p style=\"text-align: justify;\">M\u00fc\u015fterilerimize web sitesi tasar\u0131m\u0131 hizmeti sunuyoruz. Bu hizmet, m\u00fc\u015fterinin ihtiya\u00e7lar\u0131na g\u00f6re \u00f6zelle\u015ftirilmi\u015f bir web sitesi tasar\u0131m\u0131 i\u00e7erir. Modern, kullan\u0131c\u0131 dostu ve responsive tasar\u0131mlar, mobil uyumlu tasar\u0131mlar, arama motoru optimizasyonu (SEO) ve h\u0131zl\u0131 y\u00fckleme s\u00fcreleri gibi fakt\u00f6rlere dikkat edilir.<\/p>\n<p>[\/vc_icon][\/vc_column_inner][\/vc_row_inner][\/vc_column][\/vc_row][vc_row][vc_column width=&#8221;1\/1&#8243;][vc_custom_heading heading_semantic=&#8221;h3&#8243; text_size=&#8221;fontsize-155944&#8243; separator=&#8221;yes&#8221; uncode_shortcode_id=&#8221;107032&#8243;]Grafik Tasar\u0131m Referanslar\u0131[\/vc_custom_heading][vc_gallery el_id=&#8221;gallery-261170&#8243; medias=&#8221;54690,54730,54703,54716,54693,54762,54798,54761,54736,54760,54786,54719,54796,54725,54780,54754,54744,54748,54740,54714&#8243; gutter_size=&#8221;3&#8243; media_items=&#8221;media|custom_link|original,icon,category&#8221; screen_lg=&#8221;1000&#8243; screen_md=&#8221;600&#8243; screen_sm=&#8221;480&#8243; single_overlay_opacity=&#8221;50&#8243; single_padding=&#8221;2&#8243; items=&#8221;eyI1NDY5MF9pIjp7InNpbmdsZV9pY29uIjoiIiwic2luZ2xlX2xpbmsiOiJ1cmw6aHR0cHMlM0ElMkYlMkZzYWZpcmtyZWF0aWYuY29tJTJGdHIlMkZwb3J0Zm9saW8lMkZoYXlhdC1wYXJrLXRzcC1tYWtpbmElMkZ8dGl0bGU6S3VydW1zYWwlMjBLaW1saWslMjBUYXNhcmltfHwifSwiNTQ3MzBfaSI6eyJzaW5nbGVfaWNvbiI6IiIsInNpbmdsZV9saW5rIjoidXJsOmh0dHBzJTNBJTJGJTJGc2FmaXJrcmVhdGlmLmNvbSUyRnRyJTJGcG9ydGZvbGlvJTJGZ29uZW4tcmV4LW90ZWwtbG9nbyUyRnx0aXRsZTpMb2dvJTIwVGFzYXJpbSUyMEhpem1ldGl8fCJ9LCI1NDcwM19pIjp7InNpbmdsZV9pY29uIjoiIiwic2luZ2xlX2xpbmsiOiJ1cmw6aHR0cHMlM0ElMkYlMkZzYWZpcmtyZWF0aWYuY29tJTJGdHIlMkZwb3J0Zm9saW8lMkZlbGl0ZS1ob3VzZS1yZWFsLW1lbGlzLWRlcmdpLWJyb3N1ciUyRnx0aXRsZTpEZXJnaS1Ccm9zdXIlMjBUYXNhcmltaXx8In0sIjU0NzE2X2kiOnsic2luZ2xlX2ljb24iOiIiLCJzaW5nbGVfbGluayI6InVybDpodHRwcyUzQSUyRiUyRnNhZmlya3JlYXRpZi5jb20lMkZ0ciUyRnBvcnRmb2xpbyUyRnByaW50ZWstYmlsaXNpbS1sb2dvJTJGfHRpdGxlOkxvZ28lMjBUYXNhcmltfHwifSwiNTQ2OTNfaSI6eyJzaW5nbGVfaWNvbiI6IiIsInNpbmdsZV9saW5rIjoidXJsOmh0dHBzJTNBJTJGJTJGc2FmaXJrcmVhdGlmLmNvbSUyRnRyJTJGcG9ydGZvbGlvJTJGcmVhbC1oYXVzLWRpemF5bi1ncnVwLWthdGFsb2ctYnJvc3VyJTJGfHRpdGxlOkthdGFsb2ctQnJvc3VyJTIwVGFzYXJpbWl8fCJ9LCI1NDc2Ml9pIjp7InNpbmdsZV9pY29uIjoiIiwic2luZ2xlX2xpbmsiOiJ1cmw6aHR0cHMlM0ElMkYlMkZzYWZpcmtyZWF0aWYuY29tJTJGdHIlMkZwb3J0Zm9saW8lMkZ0b3BjdW9nbHUtY29uY2VwdC1tb2JpbHlhLWxvZ28lMkZ8dGl0bGU6TG9nbyUyMFRhc2FyaW1pfHwifSwiNTQ3OThfaSI6eyJzaW5nbGVfaWNvbiI6IiIsInNpbmdsZV9saW5rIjoidXJsOmh0dHBzJTNBJTJGJTJGc2FmaXJrcmVhdGlmLmNvbSUyRnRyJTJGcG9ydGZvbGlvJTJGYXNhc3Blbi1yZWFsLXNlbmd1bGxlci1rYW1wYW55YS1rYXJ0bGFyaSUyRnx0aXRsZTpLYW1wYW55YSUyMEthcnRsYXJpJTIwVGFzYXJpbWl8fCJ9LCI1NDc2MV9pIjp7InNpbmdsZV9pY29uIjoiIiwic2luZ2xlX2xpbmsiOiJ1cmw6aHR0cHMlM0ElMkYlMkZzYWZpcmtyZWF0aWYuY29tJTJGdHIlMkZwb3J0Zm9saW8lMkZtdWNpemUtZHVra2FuLWxvZ28lMkZ8dGl0bGU6TG9nbyUyMFRhc2FyaW1pfHwifSwiNTQ3MzZfaSI6eyJzaW5nbGVfaWNvbiI6IiIsInNpbmdsZV9saW5rIjoidXJsOmh0dHBzJTNBJTJGJTJGc2FmaXJrcmVhdGlmLmNvbSUyRnRyJTJGcG9ydGZvbGlvJTJGenl4ZWwtdWZvLWhhdXMtZGVyZ2kta2F0YWxvZyUyRnx0aXRsZTpEZXJnaS1LYXRhbG9nJTIwVGFzYXJpbWl8fCJ9LCI1NDc2MF9pIjp7InNpbmdsZV9pY29uIjoiIiwic2luZ2xlX2xpbmsiOiJ1cmw6aHR0cHMlM0ElMkYlMkZzYWZpcmtyZWF0aWYuY29tJTJGdHIlMkZwb3J0Zm9saW8lMkZoYXlhdC1wYXJrLWxvZ28lMkZ8dGl0bGU6TG9nbyUyMFRhc2FyaW1pfHwifSwiNTQ3ODZfaSI6eyJzaW5nbGVfaWNvbiI6IiIsInNpbmdsZV9saW5rIjoidXJsOmh0dHBzJTNBJTJGJTJGc2FmaXJrcmVhdGlmLmNvbSUyRnRyJTJGcG9ydGZvbGlvJTJGbWlrcm9wb2ludC03LWlzdGUtc3VuLWRlci1kZXJnaSUyRnx0aXRsZTpEZXJnaSUyMFRhc2FyaW1pfHwifSwiNTQ3MTlfaSI6eyJzaW5nbGVfaWNvbiI6IiIsInNpbmdsZV9saW5rIjoidXJsOmh0dHBzJTNBJTJGJTJGc2FmaXJrcmVhdGlmLmNvbSUyRnRyJTJGcG9ydGZvbGlvJTJGYmV5b25kLWtpdGNoZW4tYW5kLWJhdGgtbG9nbyUyRnx0aXRsZTpMb2dvJTIwVGFzYXJpbWl8fCJ9LCI1NDc5Nl9pIjp7InNpbmdsZV9pY29uIjoiIiwic2luZ2xlX2xpbmsiOiJ1cmw6aHR0cHMlM0ElMkYlMkZzYWZpcmtyZWF0aWYuY29tJTJGdHIlMkZwb3J0Zm9saW8lMkZ1Zm8tZGl6YXluLWdydXAtYXJhYy1naXlkaXJtZSUyRnx0aXRsZTpLdXJ1bXNhbCUyMEtpbWxpayUyMChBcmFjJTIwR2l5ZGlybWUpJTIwVGFzYXJpbWl8fCJ9LCI1NDcyNV9pIjp7InNpbmdsZV9pY29uIjoiIiwic2luZ2xlX2xpbmsiOiJ1cmw6aHR0cHMlM0ElMkYlMkZzYWZpcmtyZWF0aWYuY29tJTJGdHIlMkZwb3J0Zm9saW8lMkZhbC1raW15YS1sb2dvJTJGfHRpdGxlOkxvZ28lMjBUYXNhcmltaXx8In0sIjU0NzgwX2kiOnsic2luZ2xlX2ljb24iOiIiLCJzaW5nbGVfbGluayI6InVybDpodHRwcyUzQSUyRiUyRnNhZmlya3JlYXRpZi5jb20lMkZ0ciUyRnBvcnRmb2xpbyUyRnJlYWwtdWZvLWRpemF5bi1ncnVwLWJpbGxib2FyZCUyRnx0aXRsZTpLdXJ1bXNhbCUyMEtpbWxpayUyMChCaWxsYm9hcmQpJTIwVGFzYXJpbWl8fCJ9LCI1NDc1NF9pIjp7InNpbmdsZV9pY29uIjoiIiwic2luZ2xlX2xpbmsiOiJ1cmw6aHR0cHMlM0ElMkYlMkZzYWZpcmtyZWF0aWYuY29tJTJGdHIlMkZwb3J0Zm9saW8lMkZwb2RpLW5lc2VsaS1la21lay1sb2dvJTJGfHRpdGxlOkxvZ28lMjBUYXNhcmltaXx8In0sIjU0NzQ0X2kiOnsic2luZ2xlX2ljb24iOiIiLCJzaW5nbGVfbGluayI6InVybDpodHRwcyUzQSUyRiUyRnNhZmlya3JlYXRpZi5jb20lMkZ0ciUyRnBvcnRmb2xpbyUyRmJpZmEtaXRlY2gtaGF1cy1hbWJhbGFqLXRhc2FyaW0lMkZ8dGl0bGU6S3VydW1zYWwlMjBLaW1saWslMjAoQW1iYWxhaiklMjBUYXNhcmltaXx8In0sIjU0NzQ4X2kiOnsic2luZ2xlX2ljb24iOiIiLCJzaW5nbGVfbGluayI6InVybDpodHRwcyUzQSUyRiUyRnNhZmlya3JlYXRpZi5jb20lMkZ0ciUyRnBvcnRmb2xpbyUyRmZldnotaS1tYWhhbC1sb2dvJTJGfHRpdGxlOkxvZ28lMjBUYXNhcmltaXx8In0sIjU0NzQwX2kiOnsic2luZ2xlX2ljb24iOiIiLCJzaW5nbGVfbGluayI6InVybDpodHRwcyUzQSUyRiUyRnNhZmlya3JlYXRpZi5jb20lMkZ0ciUyRnBvcnRmb2xpbyUyRmhhdXMtdWZvLWZ1YXItc3RhbmRpJTJGfHRpdGxlOkt1cnVtc2FsJTIwS2ltbGlrJTIwKEZ1YXIlMjBTdGFuZGkpJTIwVGFzYXJpbWl8fCJ9LCI1NDcxNF9pIjp7InNpbmdsZV9pY29uIjoiIiwic2luZ2xlX2xpbmsiOiJ1cmw6aHR0cHMlM0ElMkYlMkZzYWZpcmtyZWF0aWYuY29tJTJGdHIlMkZwb3J0Zm9saW8lMkZ1Zm8tZGl6YXluLWdydXAtcmVhbC1hZmlzLWlsYW4tb3V0ZG9vciUyRnx0aXRsZTpLdXJ1bXNhbCUyMEtpbWxpayUyMChBZmlzLWlsYW4tT3V0ZG9vciklMjBUYXNhcmltaXx8In19&#8243;][\/vc_column][\/vc_row][vc_row row_height_percent=&#8221;0&#8243; override_padding=&#8221;yes&#8221; h_padding=&#8221;2&#8243; top_padding=&#8221;5&#8243; bottom_padding=&#8221;5&#8243; back_color=&#8221;color-wayh&#8221; back_image=&#8221;55066&#8243; parallax=&#8221;yes&#8221; overlay_color=&#8221;accent&#8221; overlay_alpha=&#8221;80&#8243; gutter_size=&#8221;3&#8243; column_width_percent=&#8221;100&#8243; shift_y=&#8221;0&#8243; z_index=&#8221;0&#8243; top_divider=&#8221;gradient&#8221; bottom_divider=&#8221;gradient&#8221;][vc_column column_width_percent=&#8221;100&#8243; position_vertical=&#8221;middle&#8221; align_horizontal=&#8221;align_center&#8221; gutter_size=&#8221;4&#8243; style=&#8221;dark&#8221; overlay_alpha=&#8221;50&#8243; shift_x=&#8221;0&#8243; shift_y=&#8221;0&#8243; shift_y_down=&#8221;0&#8243; z_index=&#8221;0&#8243; medium_width=&#8221;0&#8243; mobile_width=&#8221;0&#8243; width=&#8221;1\/1&#8243;][vc_row_inner row_inner_height_percent=&#8221;0&#8243; overlay_alpha=&#8221;50&#8243; gutter_size=&#8221;4&#8243; shift_y=&#8221;0&#8243; z_index=&#8221;0&#8243; limit_content=&#8221;&#8221;][vc_column_inner column_width_percent=&#8221;100&#8243; align_horizontal=&#8221;align_center&#8221; gutter_size=&#8221;3&#8243; style=&#8221;dark&#8221; overlay_alpha=&#8221;50&#8243; shift_x=&#8221;0&#8243; shift_y=&#8221;0&#8243; shift_y_down=&#8221;0&#8243; z_index=&#8221;0&#8243; medium_width=&#8221;0&#8243; mobile_width=&#8221;0&#8243; width=&#8221;1\/1&#8243;][vc_custom_heading heading_semantic=&#8221;h3&#8243; text_size=&#8221;fontsize-338686&#8243; css_animation=&#8221;curtain&#8221; interval_animation=&#8221;200&#8243; uncode_shortcode_id=&#8221;361213&#8243;]<span class=\"heading-text-highlight \" data-atts='{\"bg\":\"style-color-xsdn-bg\",\"height\":\"15%\",\"offset\":\"0.15em\",\"opacity\":\"0.25\",\"animated\":\"yes\"}'>detayl\u0131 bilgi i\u00e7in bize ula\u015f\u0131n.<\/span>[\/vc_custom_heading][vc_empty_space empty_h=&#8221;1&#8243; mobile_visibility=&#8221;yes&#8221;][vc_button shadow=&#8221;yes&#8221; border_width=&#8221;0&#8243; css_animation=&#8221;zoom-in&#8221; animation_delay=&#8221;800&#8243; link=&#8221;url:tel%3A05069811693|target:_blank&#8221; uncode_shortcode_id=&#8221;466284&#8243;]Bizi aray\u0131n[\/vc_button][\/vc_column_inner][\/vc_row_inner][\/vc_column][\/vc_row]<\/p>\n","protected":false},"excerpt":{"rendered":"<p>[vc_row unlock_row_content=&#8221;yes&#8221; row_height_percent=&#8221;15&#8243; override_padding=&#8221;yes&#8221; h_padding=&#8221;1&#8243; top_padding=&#8221;2&#8243; bottom_padding=&#8221;2&#8243; overlay_alpha=&#8221;49&#8243; equal_height=&#8221;yes&#8221; gutter_size=&#8221;4&#8243; column_width_percent=&#8221;100&#8243; shift_y=&#8221;0&#8243; z_index=&#8221;0&#8243; uncode_shortcode_id=&#8221;120928&#8243; back_color_type=&#8221;uncode-solid&#8221; back_color_solid=&#8221;#ffffff&#8221;][vc_column column_width_percent=&#8221;78&#8243; position_vertical=&#8221;middle&#8221; align_horizontal=&#8221;align_center&#8221; gutter_size=&#8221;1&#8243; [&hellip;]<\/p>\n","protected":false},"author":1,"featured_media":0,"parent":0,"menu_order":0,"comment_status":"closed","ping_status":"closed","template":"","meta":{"_joinchat":[],"footnotes":""},"class_list":["post-54891","page","type-page","status-publish","hentry"],"aioseo_notices":[],"_links":{"self":[{"href":"https:\/\/safirkreatif.com\/tr\/wp-json\/wp\/v2\/pages\/54891","targetHints":{"allow":["GET"]}}],"collection":[{"href":"https:\/\/safirkreatif.com\/tr\/wp-json\/wp\/v2\/pages"}],"about":[{"href":"https:\/\/safirkreatif.com\/tr\/wp-json\/wp\/v2\/types\/page"}],"author":[{"embeddable":true,"href":"https:\/\/safirkreatif.com\/tr\/wp-json\/wp\/v2\/users\/1"}],"replies":[{"embeddable":true,"href":"https:\/\/safirkreatif.com\/tr\/wp-json\/wp\/v2\/comments?post=54891"}],"version-history":[{"count":0,"href":"https:\/\/safirkreatif.com\/tr\/wp-json\/wp\/v2\/pages\/54891\/revisions"}],"wp:attachment":[{"href":"https:\/\/safirkreatif.com\/tr\/wp-json\/wp\/v2\/media?parent=54891"}],"curies":[{"name":"wp","href":"https:\/\/api.w.org\/{rel}","templated":true}]}}