{"id":54883,"date":"2016-11-22T17:03:00","date_gmt":"2016-11-22T15:03:00","guid":{"rendered":"https:\/\/safirkreatif.com\/tr\/?page_id=54883"},"modified":"2023-02-24T17:41:49","modified_gmt":"2023-02-24T14:41:49","slug":"e-ticaret-yazilimi","status":"publish","type":"page","link":"https:\/\/safirkreatif.com\/tr\/e-ticaret-yazilimi\/","title":{"rendered":"E-Ticaret Yaz\u0131l\u0131m\u0131"},"content":{"rendered":"<p>[vc_row unlock_row_content=&#8221;yes&#8221; row_height_percent=&#8221;15&#8243; override_padding=&#8221;yes&#8221; h_padding=&#8221;1&#8243; top_padding=&#8221;2&#8243; bottom_padding=&#8221;2&#8243; overlay_alpha=&#8221;49&#8243; equal_height=&#8221;yes&#8221; gutter_size=&#8221;4&#8243; column_width_percent=&#8221;100&#8243; shift_y=&#8221;0&#8243; z_index=&#8221;0&#8243; uncode_shortcode_id=&#8221;120928&#8243; back_color_type=&#8221;uncode-solid&#8221; back_color_solid=&#8221;#ffffff&#8221;][vc_column column_width_percent=&#8221;78&#8243; position_vertical=&#8221;middle&#8221; align_horizontal=&#8221;align_center&#8221; gutter_size=&#8221;1&#8243; overlay_alpha=&#8221;50&#8243; shift_x=&#8221;0&#8243; shift_y=&#8221;0&#8243; shift_y_down=&#8221;0&#8243; z_index=&#8221;0&#8243; medium_width=&#8221;0&#8243; mobile_width=&#8221;0&#8243; width=&#8221;1\/1&#8243; uncode_shortcode_id=&#8221;877181&#8243;][vc_custom_heading heading_semantic=&#8221;h3&#8243; text_size=&#8221;fontsize-155944&#8243; separator=&#8221;yes&#8221; uncode_shortcode_id=&#8221;103007&#8243;]E-Ticaret Web Sitesi[\/vc_custom_heading][vc_column_text text_lead=&#8221;yes&#8221; uncode_shortcode_id=&#8221;145949&#8243; css=&#8221;.vc_custom_1677249090775{margin-top: 20px !important;margin-bottom: 20px !important;}&#8221;]E-ticaret yaz\u0131l\u0131mlar\u0131, e-ticaret web siteleri sayesinde <strong>online al\u0131\u015fveri\u015f<\/strong> imkan\u0131 sa\u011flayarak, bu sayede kazanc\u0131n\u0131z\u0131 katlama imkan\u0131 sunmaktay\u0131z. M\u00fc\u015fterilerimize, sekt\u00f6rlerine uygun, kullan\u0131\u015fl\u0131 ve <strong>kazan\u00e7lar\u0131n\u0131 art\u0131rmaya y\u00f6nelik<\/strong>, konsepte uygun<strong> e-ticaret yaz\u0131l\u0131m\u0131, e ticaret web sitesi \u00a0ve e-ticaret paketleri<\/strong> geli\u015ftirmekteyiz. Sat\u0131\u015f odakl\u0131 bir firmaysan\u0131z art\u0131k online sat\u0131\u015f ve e-ticaret, piyasa \u015fartlar\u0131nda rakip firmalarla yar\u0131\u015f halinde olma ve rakiplerden geri kalmamak ad\u0131na, olmazsa olmazlar aras\u0131nda yer almaktad\u0131r. E-ticaret sistemi sayesinde sanal <strong>ma\u011fazan\u0131z\u0131 olu\u015fturabilir, markan\u0131z\u0131 geni\u015f kitlelere yayabilir<\/strong> ve devaml\u0131 olarak rakip firmalarla aran\u0131zdaki yar\u0131\u015ftan kopmamay\u0131 sa\u011flayabilirsiniz. Dilerseniz de olu\u015fturmak istedi\u011finiz yeni e-ticaret web yaz\u0131l\u0131m\u0131n\u0131 ya da var olan fakat arama motorlar\u0131nda alt s\u0131ralarda yer alan web sitenizin <strong>SEO (arama motoru optimizasyonu) \u00e7al\u0131\u015fmalar\u0131n\u0131<\/strong> da yapt\u0131rabilir siteniniz \u00fcst s\u0131ralarda \u00e7\u0131kmas\u0131n\u0131 bize ula\u015farak sa\u011flayabilirsiniz.[\/vc_column_text][\/vc_column][\/vc_row][vc_row row_height_percent=&#8221;0&#8243; override_padding=&#8221;yes&#8221; h_padding=&#8221;2&#8243; top_padding=&#8221;2&#8243; bottom_padding=&#8221;2&#8243; overlay_alpha=&#8221;50&#8243; gutter_size=&#8221;3&#8243; column_width_percent=&#8221;100&#8243; shift_y=&#8221;0&#8243; z_index=&#8221;1&#8243; enable_top_divider=&#8221;default&#8221; top_divider=&#8221;fan-opacity&#8221; shape_top_h_use_pixel=&#8221;&#8221; shape_top_height=&#8221;150&#8243; shape_top_opacity=&#8221;100&#8243; shape_top_index=&#8221;0&#8243; enable_bottom_divider=&#8221;default&#8221; bottom_divider=&#8221;fan-opacity&#8221; shape_bottom_h_use_pixel=&#8221;&#8221; shape_bottom_height=&#8221;150&#8243; shape_bottom_opacity=&#8221;100&#8243; shape_bottom_index=&#8221;0&#8243; uncode_shortcode_id=&#8221;592309&#8243; back_color_type=&#8221;uncode-solid&#8221; back_color_solid=&#8221;#f4f4f4&#8243;][vc_column column_width_percent=&#8221;100&#8243; gutter_size=&#8221;4&#8243; overlay_alpha=&#8221;50&#8243; shift_x=&#8221;0&#8243; shift_y=&#8221;0&#8243; shift_y_down=&#8221;0&#8243; z_index=&#8221;0&#8243; medium_width=&#8221;0&#8243; mobile_width=&#8221;0&#8243; width=&#8221;1\/1&#8243;][vc_row_inner row_inner_height_percent=&#8221;0&#8243; overlay_alpha=&#8221;50&#8243; equal_height=&#8221;yes&#8221; gutter_size=&#8221;4&#8243; shift_y=&#8221;0&#8243; z_index=&#8221;0&#8243; limit_content=&#8221;&#8221;][vc_column_inner column_width_percent=&#8221;100&#8243; gutter_size=&#8221;3&#8243; overlay_alpha=&#8221;50&#8243; shift_x=&#8221;0&#8243; shift_y=&#8221;0&#8243; shift_y_down=&#8221;0&#8243; z_index=&#8221;0&#8243; medium_width=&#8221;3&#8243; mobile_width=&#8221;0&#8243; radius=&#8221;sm&#8221; width=&#8221;1\/3&#8243;][vc_icon display=&#8221;inline&#8221; icon=&#8221;fa fa-store&#8221; icon_color=&#8221;accent&#8221; size=&#8221;fa-3x&#8221; text_size=&#8221;h4&#8243; title=&#8221;E-Ticaret Web Sitesi Tasar\u0131m\u0131&#8221; link=&#8221;|||&#8221; uncode_shortcode_id=&#8221;175640&#8243; icon_color_type=&#8221;uncode-palette&#8221;]<\/p>\n<p style=\"text-align: justify;\">E-ticaret web sitesinin tasar\u0131m\u0131, \u00fcr\u00fcn ve hizmetlerin g\u00f6sterimi, kullan\u0131c\u0131 deneyimi, \u00f6deme s\u00fcre\u00e7leri ve di\u011fer detaylar gibi \u00f6nemli unsurlar\u0131 i\u00e7erir. Bir e-ticaret web sitesi, m\u00fc\u015fterilerin web sitesinde kolayca gezinebilmesi, \u00fcr\u00fcnleri se\u00e7ebilmesi ve \u00f6deme i\u015flemini tamamlayabilmesi i\u00e7in kullan\u0131c\u0131 dostu olmal\u0131d\u0131r.<\/p>\n<p>[\/vc_icon][\/vc_column_inner][vc_column_inner column_width_percent=&#8221;100&#8243; gutter_size=&#8221;3&#8243; overlay_alpha=&#8221;50&#8243; shift_x=&#8221;0&#8243; shift_y=&#8221;0&#8243; shift_y_down=&#8221;0&#8243; z_index=&#8221;0&#8243; medium_width=&#8221;3&#8243; mobile_width=&#8221;0&#8243; radius=&#8221;sm&#8221; width=&#8221;1\/3&#8243;][vc_icon display=&#8221;inline&#8221; icon=&#8221;fa fa-adjustments&#8221; icon_color=&#8221;accent&#8221; size=&#8221;fa-3x&#8221; text_size=&#8221;h4&#8243; title=&#8221;E-Ticaret Geli\u015ftirme&#8221; link=&#8221;|||&#8221; uncode_shortcode_id=&#8221;846291&#8243; icon_color_type=&#8221;uncode-palette&#8221;]<\/p>\n<p style=\"text-align: justify;\">E-ticaret web sitesinin geli\u015ftirilmesi, siteye \u00f6deme i\u015flemleri, sipari\u015f y\u00f6netimi, stok y\u00f6netimi ve di\u011fer i\u015flevlerin eklenmesini i\u00e7erir. M\u00fc\u015fterilerin \u00fcr\u00fcnleri kolayca bulup sat\u0131n alabilmesi i\u00e7in, e-ticaret web sitesinin i\u015flevsel ve g\u00fcvenli olmas\u0131 \u00f6nemlidir.<\/p>\n<p>[\/vc_icon][\/vc_column_inner][vc_column_inner column_width_percent=&#8221;100&#8243; gutter_size=&#8221;3&#8243; overlay_alpha=&#8221;50&#8243; shift_x=&#8221;0&#8243; shift_y=&#8221;0&#8243; shift_y_down=&#8221;0&#8243; z_index=&#8221;0&#8243; medium_width=&#8221;3&#8243; mobile_width=&#8221;0&#8243; radius=&#8221;sm&#8221; width=&#8221;1\/3&#8243; link_to=&#8221;|||&#8221;][vc_icon display=&#8221;inline&#8221; icon=&#8221;fa fa-list-alt&#8221; icon_color=&#8221;accent&#8221; size=&#8221;fa-3x&#8221; text_size=&#8221;h4&#8243; title=&#8221;\u00dcr\u00fcn Katalo\u011fu Olu\u015fturma&#8221; link=&#8221;|||&#8221; uncode_shortcode_id=&#8221;196200&#8243; icon_color_type=&#8221;uncode-palette&#8221;]<\/p>\n<p style=\"text-align: justify;\">E-ticaret web sitesinde sat\u0131lan \u00fcr\u00fcnlerin kataloglar\u0131, m\u00fc\u015fterilerin \u00fcr\u00fcnleri kolayca bulmas\u0131na ve sat\u0131n almalar\u0131na yard\u0131mc\u0131 olur. E-ticaret hizmetlerimiz, m\u00fc\u015fterilerinin \u00fcr\u00fcnlerinin kataloglar\u0131n\u0131 olu\u015fturmak, \u00fcr\u00fcnlerin foto\u011fraflar\u0131n\u0131 \u00e7ekmek ve \u00fcr\u00fcn a\u00e7\u0131klamalar\u0131n\u0131 yazmak i\u00e7in hizmetler sunmaktay\u0131z.<\/p>\n<p>[\/vc_icon][\/vc_column_inner][\/vc_row_inner][vc_row_inner row_inner_height_percent=&#8221;0&#8243; overlay_alpha=&#8221;50&#8243; equal_height=&#8221;yes&#8221; gutter_size=&#8221;4&#8243; shift_y=&#8221;0&#8243; z_index=&#8221;0&#8243; limit_content=&#8221;&#8221;][vc_column_inner column_width_percent=&#8221;100&#8243; gutter_size=&#8221;3&#8243; overlay_alpha=&#8221;50&#8243; shift_x=&#8221;0&#8243; shift_y=&#8221;0&#8243; shift_y_down=&#8221;0&#8243; z_index=&#8221;0&#8243; medium_width=&#8221;3&#8243; mobile_width=&#8221;0&#8243; radius=&#8221;sm&#8221; width=&#8221;1\/3&#8243;][vc_icon display=&#8221;inline&#8221; icon=&#8221;fa fa-credit-card&#8221; icon_color=&#8221;accent&#8221; size=&#8221;fa-3x&#8221; text_size=&#8221;h4&#8243; title=&#8221;\u00d6deme Sistemleri ve Entegrasyonu&#8221; link=&#8221;|||&#8221; uncode_shortcode_id=&#8221;472966&#8243; icon_color_type=&#8221;uncode-palette&#8221;]<\/p>\n<p style=\"text-align: justify;\">E-ticaret web sitesinde kullan\u0131lan \u00f6deme sistemleri, m\u00fc\u015fterilerin \u00f6deme yapmalar\u0131n\u0131 kolayla\u015ft\u0131rmak i\u00e7in \u00f6nemlidir. E-ticaret hizmetleri, m\u00fc\u015fterilerinin e-ticaret web sitesinde \u00f6deme sistemlerini entegre etmelerine yard\u0131mc\u0131 olur.<\/p>\n<p>[\/vc_icon][\/vc_column_inner][vc_column_inner column_width_percent=&#8221;100&#8243; gutter_size=&#8221;3&#8243; overlay_alpha=&#8221;50&#8243; shift_x=&#8221;0&#8243; shift_y=&#8221;0&#8243; shift_y_down=&#8221;0&#8243; z_index=&#8221;0&#8243; medium_width=&#8221;3&#8243; mobile_width=&#8221;0&#8243; radius=&#8221;sm&#8221; width=&#8221;1\/3&#8243;][vc_icon display=&#8221;inline&#8221; icon=&#8221;fa fa-cart&#8221; icon_color=&#8221;accent&#8221; size=&#8221;fa-3x&#8221; text_size=&#8221;h4&#8243; title=&#8221;E-Ticaret Paket Yaz\u0131l\u0131mlar\u0131&#8221; link=&#8221;|||&#8221; uncode_shortcode_id=&#8221;133385&#8243; icon_color_type=&#8221;uncode-palette&#8221;]<\/p>\n<p style=\"text-align: justify;\">Profesyonel olarak haz\u0131rlad\u0131\u011f\u0131m\u0131z, firma konseptine uygun ve kullan\u0131m\u0131 kolay E-ticaret yaz\u0131l\u0131m\u0131 sayesinde internetten k\u00e2r\u0131n\u0131z\u0131 artt\u0131rarak kazanc\u0131n\u0131z\u0131 katlayabilirsiniz.<\/p>\n<p>[\/vc_icon][\/vc_column_inner][vc_column_inner column_width_percent=&#8221;100&#8243; gutter_size=&#8221;3&#8243; overlay_alpha=&#8221;50&#8243; shift_x=&#8221;0&#8243; shift_y=&#8221;0&#8243; shift_y_down=&#8221;0&#8243; z_index=&#8221;0&#8243; medium_width=&#8221;3&#8243; mobile_width=&#8221;0&#8243; radius=&#8221;sm&#8221; width=&#8221;1\/3&#8243; link_to=&#8221;|||&#8221;][vc_icon display=&#8221;inline&#8221; icon=&#8221;fa fa-livechat&#8221; icon_color=&#8221;accent&#8221; size=&#8221;fa-3x&#8221; text_size=&#8221;h4&#8243; title=&#8221;M\u00fc\u015fteri Hizmetleri&#8221; link=&#8221;|||&#8221; uncode_shortcode_id=&#8221;146845&#8243; icon_color_type=&#8221;uncode-palette&#8221;]<\/p>\n<p style=\"text-align: justify;\">E-ticaret i\u015fletmeleri, m\u00fc\u015fterilerinin sorular\u0131n\u0131 ve endi\u015felerini ele almak i\u00e7in m\u00fc\u015fteri hizmetleri sa\u011flamal\u0131d\u0131rlar. E-ticaret hizmetlerimiz ile m\u00fc\u015fterilerinin sorular\u0131n\u0131 yan\u0131tlamak, geri \u00f6demeleri i\u015flemek ve m\u00fc\u015fteri hizmetleri taleplerini y\u00f6netmek canl\u0131 destek ve Whatsapp destek gibi hizmetler sunmaktay\u0131z.<\/p>\n<p>[\/vc_icon][\/vc_column_inner][\/vc_row_inner][\/vc_column][\/vc_row][vc_row][vc_column width=&#8221;1\/1&#8243;][vc_custom_heading heading_semantic=&#8221;h3&#8243; text_size=&#8221;fontsize-155944&#8243; separator=&#8221;yes&#8221; uncode_shortcode_id=&#8221;199218&#8243;]E-Ticaret Referanslar\u0131[\/vc_custom_heading][uncode_index el_id=&#8221;index-136316&#8243; loop=&#8221;size:24|order_by:date|order:DESC|post_type:portfolio|taxonomy_count:10&#8243; screen_lg=&#8221;1000&#8243; screen_md=&#8221;600&#8243; screen_sm=&#8221;480&#8243; gutter_size=&#8221;3&#8243; portfolio_items=&#8221;title,media|featured|onpost|original&#8221; single_shape=&#8221;round&#8221; single_overlay_opacity=&#8221;50&#8243; single_padding=&#8221;2&#8243; custom_order=&#8221;yes&#8221; items=&#8221;eyI1NDYyOV9pIjp7InNpbmdsZV9pY29uIjoiIiwic2luZ2xlX2xpbmsiOiJ1cmw6aHR0cHMlM0ElMkYlMkZzYWZpcmtyZWF0aWYuY29tJTJGdHIlMkZwb3J0Zm9saW8lMkZrdXp1LWJlYmUlMkZ8dGl0bGU6S3V6dSUyMEJlYmUlMjBXZWIlMjBTaXRlc2l8fCJ9LCI1NDU2MV9pIjp7InNpbmdsZV9pY29uIjoiIiwic2luZ2xlX2xpbmsiOiJ1cmw6aHR0cHMlM0ElMkYlMkZzYWZpcmtyZWF0aWYuY29tJTJGdHIlMkZwb3J0Zm9saW8lMkZ6ZXl0aW55YWdpLXNlcnZpc2ktZHIteWFnY2klMkZ8dGl0bGU6WmV5dGlueWFnaSUyMFNlcnZpc2klMjAoRHIuJTIwWWFnY2kpJTIwV2ViJTIwU2l0ZXNpfHwifSwiNTQ2MDJfaSI6eyJzaW5nbGVfaWNvbiI6IiIsInNpbmdsZV9saW5rIjoidXJsOmh0dHBzJTNBJTJGJTJGc2FmaXJrcmVhdGlmLmNvbSUyRnRyJTJGcG9ydGZvbGlvJTJGbXVzYS1ldmRlbi1ldmUtbmFrbGl5YXQlMkZ8dGl0bGU6TXVzYSUyMEV2ZGVuJTIwRXZlJTIwTmFrbGl5YXQlMjBXZWIlMjBTaXRlc2l8fCJ9LCI1NDU3NV9pIjp7InNpbmdsZV9pY29uIjoiIiwic2luZ2xlX2xpbmsiOiJ1cmw6aHR0cHMlM0ElMkYlMkZzYWZpcmtyZWF0aWYuY29tJTJGdHIlMkZwb3J0Zm9saW8lMkZzZXMtbXV6aWstb3JnYW5pemFzeW9uJTJGfHRpdGxlOlNlcyUyME11emlrJTIwT3JnYW5pemFzeW9uJTIwV2ViJTIwU2l0ZXNpfHwifSwiNTQ2MDBfaSI6eyJzaW5nbGVfaWNvbiI6IiIsInNpbmdsZV9saW5rIjoidXJsOmh0dHBzJTNBJTJGJTJGc2FmaXJrcmVhdGlmLmNvbSUyRnRyJTJGcG9ydGZvbGlvJTJGa29yZmV6LWNhZy15YXBpLWluc2FhdCUyRnx0aXRsZTpLb3JmZXolMjBDYWclQzIlOUYlMjBZYXBpJTIwaW5zJUMyJTlGYWF0JTIwV2ViJTIwU2l0ZXNpfHwifSwiNTQ0NzNfaSI6eyJzaW5nbGVfaWNvbiI6IiIsInNpbmdsZV9saW5rIjoidXJsOmh0dHBzJTNBJTJGJTJGc2FmaXJrcmVhdGlmLmNvbSUyRnRyJTJGcG9ydGZvbGlvJTJGZWxtYWNpay1zdSUyRnx0aXRsZTpFbG1hY2lrJTIwU3UlMjBXZWIlMjBTaXRlc2l8fCJ9LCI1NDY1MV9pIjp7InNpbmdsZV9pY29uIjoiIiwic2luZ2xlX2xpbmsiOiJ1cmw6aHR0cHMlM0ElMkYlMkZzYWZpcmtyZWF0aWYuY29tJTJGdHIlMkZwb3J0Zm9saW8lMkZkci1oYW5kZS1ha2JhcyUyRnx0aXRsZTpEci4lMjBIYW5kZSUyMEFrYmFzJTIwS2lzaXNlbCUyMFdlYiUyMFNpdGVzaXx8In0sIjU0NjM2X2kiOnsic2luZ2xlX2ljb24iOiIiLCJzaW5nbGVfbGluayI6InVybDpodHRwcyUzQSUyRiUyRnNhZmlya3JlYXRpZi5jb20lMkZ0ciUyRnBvcnRmb2xpbyUyRm11aGFycmVtLWRlcnZlbnQlMkZ8dGl0bGU6TXVoYXJyZW0lMjBEZXJ2ZW50JTIwV2ViJTIwU2l0ZXNpfHwifSwiNTQ2NDNfaSI6eyJzaW5nbGVfaWNvbiI6IiIsInNpbmdsZV9saW5rIjoidXJsOmh0dHBzJTNBJTJGJTJGc2FmaXJrcmVhdGlmLmNvbSUyRnRyJTJGcG9ydGZvbGlvJTJGZW5lcy1ldmRlbi1ldmUtbmFrbGl5YXQlMkZ8dGl0bGU6RW5lcyUyMEV2ZGVuJTIwRXZlJTIwTmFrbGl5YXQlMjBXZWIlMjBTaXRlc2l8fCJ9LCI1NDU2OV9pIjp7InNpbmdsZV9pY29uIjoiIiwic2luZ2xlX2xpbmsiOiJ1cmw6aHR0cHMlM0ElMkYlMkZzYWZpcmtyZWF0aWYuY29tJTJGdHIlMkZwb3J0Zm9saW8lMkZtaW5hLWF1dG8lMkZ8dGl0bGU6TWluYSUyMEF1dG8lMjBvemVsJTIwWWF6aWxpbSUyMFdlYiUyMFNpdGVzaXx8In0sIjU0NTkyX2kiOnsic2luZ2xlX2ljb24iOiIiLCJzaW5nbGVfbGluayI6InVybDpodHRwcyUzQSUyRiUyRnNhZmlya3JlYXRpZi5jb20lMkZ0ciUyRnBvcnRmb2xpbyUyRmVya2FuLW9ycyUyRnx0aXRsZTpFcmthbiUyME9SUyUyMFdlYiUyMFNpdGVzaXx8In0sIjU0NjA5X2kiOnsic2luZ2xlX2ljb24iOiIiLCJzaW5nbGVfbGluayI6InVybDpodHRwcyUzQSUyRiUyRnNhZmlya3JlYXRpZi5jb20lMkZ0ciUyRnBvcnRmb2xpbyUyRmthcnRhbC10YXJpbS1tYWtpbmFsYXJpJTJGfHRpdGxlOkthcnRhbCUyMFRhcmltJTIwTWFraW5hbGFyaSUyMEUtVGljYXJldCUyMFdlYiUyMFNpdGVzaXx8In0sIjU0NjE1X2kiOnsic2luZ2xlX2ljb24iOiIiLCJzaW5nbGVfbGluayI6InVybDpodHRwcyUzQSUyRiUyRnNhZmlya3JlYXRpZi5jb20lMkZ0ciUyRnBvcnRmb2xpbyUyRmt1ZHJldC16ZXl0aW55YWdsYXJpJTJGfHRpdGxlOkt1ZHJldCUyMFpleXRpbnlhZ2xhcmklMjBFLVRpY2FyZXQlMjBXZWIlMjBTaXRlc2l8fCJ9LCI1NDY1Nl9pIjp7InNpbmdsZV9pY29uIjoiIiwic2luZ2xlX2xpbmsiOiJ1cmw6aHR0cHMlM0ElMkYlMkZzYWZpcmtyZWF0aWYuY29tJTJGdHIlMkZwb3J0Zm9saW8lMkZiaWxnaWNsZXItaW5zYWF0JTJGfHRpdGxlOkJpbGdpY2xlciUyMGluc2FhdCUyMFdlYiUyMFNpdGVzaXx8In0sIjU0NTg3X2kiOnsic2luZ2xlX2ljb24iOiIiLCJzaW5nbGVfbGluayI6InVybDpodHRwcyUzQSUyRiUyRnNhZmlya3JlYXRpZi5jb20lMkZ0ciUyRnBvcnRmb2xpbyUyRmRpemF5bmVyLW1vYmlseWEtdmUtbXV0ZmFrJTJGfHRpdGxlOkRpemF5bmVyJTIwTXV0ZmFrJTIwdmUlMjBNb2JpbHlhJTIwV2ViJTIwU2l0ZXNpfHwifSwiNTQ1ODNfaSI6eyJzaW5nbGVfaWNvbiI6IiIsInNpbmdsZV9saW5rIjoidXJsOmh0dHBzJTNBJTJGJTJGc2FmaXJrcmVhdGlmLmNvbSUyRnRyJTJGcG9ydGZvbGlvJTJGZWRyZW1pdC1hay1zaWdvcnRhJTJGfHRpdGxlOkVkcmVtaXQlMjBBayUyMFNpZ29ydGElMjBXZWIlMjBTaXRlc2l8fCJ9LCI1NDU1OV9pIjp7InNpbmdsZV9pY29uIjoiIiwic2luZ2xlX2xpbmsiOiJ1cmw6aHR0cHMlM0ElMkYlMkZzYWZpcmtyZWF0aWYuY29tJTJGdHIlMkZwb3J0Zm9saW8lMkZzZXlydS1zZWZhLWRlbml6Y2lsaWslMkZ8dGl0bGU6U2V5ci11JTIwU2VmYSUyMERlbml6Y2lsaWslMjBXZWIlMjBTaXRlc2l8fCJ9LCI1NDYzOF9pIjp7InNpbmdsZV9pY29uIjoiIiwic2luZ2xlX2xpbmsiOiJ1cmw6aHR0cHMlM0ElMkYlMkZzYWZpcmtyZWF0aWYuY29tJTJGdHIlMkZwb3J0Zm9saW8lMkZsb2MtZGVzaWduJTJGfHRpdGxlOkxvYyUyMERlc2lnbiUyMFdlYiUyMFNpdGVzaXx8In0sIjU0NTgwX2kiOnsic2luZ2xlX2ljb24iOiIiLCJzaW5nbGVfbGluayI6InVybDpodHRwcyUzQSUyRiUyRnNhZmlya3JlYXRpZi5jb20lMkZ0ciUyRnBvcnRmb2xpbyUyRmV5aW51ci1pbnNhYXQlMkZ8dGl0bGU6RXlpbnVyJTIwaW5zJUMyJTlGYWF0JTIwV2ViJTIwU2l0ZXNpfHwifX0=&#8221; uncode_shortcode_id=&#8221;641454&#8243;][\/vc_column][\/vc_row][vc_row row_height_percent=&#8221;0&#8243; override_padding=&#8221;yes&#8221; h_padding=&#8221;2&#8243; top_padding=&#8221;5&#8243; bottom_padding=&#8221;5&#8243; back_color=&#8221;color-wayh&#8221; back_image=&#8221;55066&#8243; parallax=&#8221;yes&#8221; overlay_color=&#8221;accent&#8221; overlay_alpha=&#8221;80&#8243; gutter_size=&#8221;3&#8243; column_width_percent=&#8221;100&#8243; shift_y=&#8221;0&#8243; z_index=&#8221;0&#8243; top_divider=&#8221;gradient&#8221; bottom_divider=&#8221;gradient&#8221;][vc_column column_width_percent=&#8221;100&#8243; position_vertical=&#8221;middle&#8221; align_horizontal=&#8221;align_center&#8221; gutter_size=&#8221;4&#8243; style=&#8221;dark&#8221; overlay_alpha=&#8221;50&#8243; shift_x=&#8221;0&#8243; shift_y=&#8221;0&#8243; shift_y_down=&#8221;0&#8243; z_index=&#8221;0&#8243; medium_width=&#8221;0&#8243; mobile_width=&#8221;0&#8243; width=&#8221;1\/1&#8243;][vc_row_inner row_inner_height_percent=&#8221;0&#8243; overlay_alpha=&#8221;50&#8243; gutter_size=&#8221;4&#8243; shift_y=&#8221;0&#8243; z_index=&#8221;0&#8243; limit_content=&#8221;&#8221;][vc_column_inner column_width_percent=&#8221;100&#8243; align_horizontal=&#8221;align_center&#8221; gutter_size=&#8221;3&#8243; style=&#8221;dark&#8221; overlay_alpha=&#8221;50&#8243; shift_x=&#8221;0&#8243; shift_y=&#8221;0&#8243; shift_y_down=&#8221;0&#8243; z_index=&#8221;0&#8243; medium_width=&#8221;0&#8243; mobile_width=&#8221;0&#8243; width=&#8221;1\/1&#8243;][vc_custom_heading heading_semantic=&#8221;h3&#8243; text_size=&#8221;fontsize-338686&#8243; css_animation=&#8221;curtain&#8221; interval_animation=&#8221;200&#8243; uncode_shortcode_id=&#8221;361213&#8243;]<span class=\"heading-text-highlight \" data-atts='{\"bg\":\"style-color-xsdn-bg\",\"height\":\"15%\",\"offset\":\"0.15em\",\"opacity\":\"0.25\",\"animated\":\"yes\"}'>detayl\u0131 bilgi i\u00e7in bize ula\u015f\u0131n.<\/span>[\/vc_custom_heading][vc_empty_space empty_h=&#8221;1&#8243; mobile_visibility=&#8221;yes&#8221;][vc_button shadow=&#8221;yes&#8221; border_width=&#8221;0&#8243; css_animation=&#8221;zoom-in&#8221; animation_delay=&#8221;800&#8243; link=&#8221;url:tel%3A05069811693|target:_blank&#8221; uncode_shortcode_id=&#8221;466284&#8243;]Bizi aray\u0131n[\/vc_button][\/vc_column_inner][\/vc_row_inner][\/vc_column][\/vc_row]<\/p>\n","protected":false},"excerpt":{"rendered":"<p>[vc_row unlock_row_content=&#8221;yes&#8221; row_height_percent=&#8221;15&#8243; override_padding=&#8221;yes&#8221; h_padding=&#8221;1&#8243; top_padding=&#8221;2&#8243; bottom_padding=&#8221;2&#8243; overlay_alpha=&#8221;49&#8243; equal_height=&#8221;yes&#8221; gutter_size=&#8221;4&#8243; column_width_percent=&#8221;100&#8243; shift_y=&#8221;0&#8243; z_index=&#8221;0&#8243; uncode_shortcode_id=&#8221;120928&#8243; back_color_type=&#8221;uncode-solid&#8221; back_color_solid=&#8221;#ffffff&#8221;][vc_column column_width_percent=&#8221;78&#8243; position_vertical=&#8221;middle&#8221; align_horizontal=&#8221;align_center&#8221; gutter_size=&#8221;1&#8243; [&hellip;]<\/p>\n","protected":false},"author":1,"featured_media":0,"parent":0,"menu_order":0,"comment_status":"closed","ping_status":"closed","template":"","meta":{"_joinchat":[],"footnotes":""},"class_list":["post-54883","page","type-page","status-publish","hentry"],"aioseo_notices":[],"_links":{"self":[{"href":"https:\/\/safirkreatif.com\/tr\/wp-json\/wp\/v2\/pages\/54883","targetHints":{"allow":["GET"]}}],"collection":[{"href":"https:\/\/safirkreatif.com\/tr\/wp-json\/wp\/v2\/pages"}],"about":[{"href":"https:\/\/safirkreatif.com\/tr\/wp-json\/wp\/v2\/types\/page"}],"author":[{"embeddable":true,"href":"https:\/\/safirkreatif.com\/tr\/wp-json\/wp\/v2\/users\/1"}],"replies":[{"embeddable":true,"href":"https:\/\/safirkreatif.com\/tr\/wp-json\/wp\/v2\/comments?post=54883"}],"version-history":[{"count":0,"href":"https:\/\/safirkreatif.com\/tr\/wp-json\/wp\/v2\/pages\/54883\/revisions"}],"wp:attachment":[{"href":"https:\/\/safirkreatif.com\/tr\/wp-json\/wp\/v2\/media?parent=54883"}],"curies":[{"name":"wp","href":"https:\/\/api.w.org\/{rel}","templated":true}]}}