{"id":54879,"date":"2016-11-22T15:28:12","date_gmt":"2016-11-22T13:28:12","guid":{"rendered":"https:\/\/safirkreatif.com\/tr\/?page_id=54879"},"modified":"2023-02-24T17:23:39","modified_gmt":"2023-02-24T14:23:39","slug":"web-tasarim","status":"publish","type":"page","link":"https:\/\/safirkreatif.com\/tr\/web-tasarim\/","title":{"rendered":"Web Tasar\u0131m"},"content":{"rendered":"<p>[vc_row unlock_row_content=&#8221;yes&#8221; row_height_percent=&#8221;15&#8243; override_padding=&#8221;yes&#8221; h_padding=&#8221;1&#8243; top_padding=&#8221;2&#8243; bottom_padding=&#8221;2&#8243; overlay_alpha=&#8221;49&#8243; equal_height=&#8221;yes&#8221; gutter_size=&#8221;4&#8243; column_width_percent=&#8221;100&#8243; shift_y=&#8221;0&#8243; z_index=&#8221;0&#8243; uncode_shortcode_id=&#8221;120928&#8243; back_color_type=&#8221;uncode-solid&#8221; back_color_solid=&#8221;#ffffff&#8221;][vc_column column_width_percent=&#8221;78&#8243; position_vertical=&#8221;middle&#8221; align_horizontal=&#8221;align_center&#8221; gutter_size=&#8221;1&#8243; overlay_alpha=&#8221;50&#8243; shift_x=&#8221;0&#8243; shift_y=&#8221;0&#8243; shift_y_down=&#8221;0&#8243; z_index=&#8221;0&#8243; medium_width=&#8221;0&#8243; mobile_width=&#8221;0&#8243; width=&#8221;1\/1&#8243; uncode_shortcode_id=&#8221;877181&#8243;][vc_custom_heading heading_semantic=&#8221;h3&#8243; text_size=&#8221;fontsize-155944&#8243; separator=&#8221;yes&#8221; uncode_shortcode_id=&#8221;231656&#8243;]Web Tasar\u0131m\u0131[\/vc_custom_heading][vc_column_text text_lead=&#8221;yes&#8221; uncode_shortcode_id=&#8221;709477&#8243; css=&#8221;.vc_custom_1677249167236{margin-top: 20px !important;margin-bottom: 20px !important;}&#8221;]Safir Kreatif olarak <strong>web sitesi tasar\u0131m\u0131, web sitesi olu\u015fturma, web yaz\u0131l\u0131m geli\u015ftirme, kurulum ve periyodik bak\u0131m<\/strong> olmak \u00fczere web konusunda A\u2019dan Z\u2019ye hizmet vermekteyiz. Bu hizmetlerimiz i\u00e7inde, ki\u015fiye ve kurumlara \u00f6zel web sitesi paketlerinin yan\u0131 s\u0131ra, web sitesi olu\u015fturma ve kurulumdan sonraki s\u00fcre\u00e7lerde, web sitelerinin yenilenmesi ve g\u00fcncellenebilirli\u011fi a\u00e7\u0131\u015f\u0131ndan <strong>g\u00fcvenli ve kullan\u0131m\u0131 kolay panel<\/strong> kurulumu ile dinamik yap\u0131da olmas\u0131n\u0131 sa\u011flayarak m\u00fc\u015fterilerimizin hizmetine sunmaktay\u0131z. Ayr\u0131ca dileyen m\u00fc\u015fterilerimize istedikleri taktirde, web sitelerinin tablet ve mobil cihazlara g\u00f6re (responsive) uyumlu olmas\u0131n\u0131 da sa\u011flamaktay\u0131z. Bu sayede web siteleri her platforma g\u00f6re uyumlu hale gelecektir. Di\u011fer bir hizmetimiz olan <strong>E-ticaret web siteleri ve E-ticaret (online al\u0131\u015fveri\u015f) yaz\u0131l\u0131mlar\u0131 i\u00e7in <a title=\"E-Ticaret Yaz\u0131l\u0131m\u0131\" href=\"https:\/\/safirkreatif.com\/tr\/e-ticaret-yazilimi\/\">e-ticaret yaz\u0131l\u0131mlar\u0131<\/a><\/strong> sayfam\u0131z\u0131 ziyaret edebilirsiniz.[\/vc_column_text][\/vc_column][\/vc_row][vc_row row_height_percent=&#8221;0&#8243; override_padding=&#8221;yes&#8221; h_padding=&#8221;2&#8243; top_padding=&#8221;2&#8243; bottom_padding=&#8221;2&#8243; overlay_alpha=&#8221;50&#8243; gutter_size=&#8221;3&#8243; column_width_percent=&#8221;100&#8243; shift_y=&#8221;0&#8243; z_index=&#8221;1&#8243; enable_top_divider=&#8221;default&#8221; top_divider=&#8221;fan-opacity&#8221; shape_top_h_use_pixel=&#8221;&#8221; shape_top_height=&#8221;150&#8243; shape_top_opacity=&#8221;100&#8243; shape_top_index=&#8221;0&#8243; enable_bottom_divider=&#8221;default&#8221; bottom_divider=&#8221;fan-opacity&#8221; shape_bottom_h_use_pixel=&#8221;&#8221; shape_bottom_height=&#8221;150&#8243; shape_bottom_opacity=&#8221;100&#8243; shape_bottom_index=&#8221;0&#8243; uncode_shortcode_id=&#8221;592309&#8243; back_color_type=&#8221;uncode-solid&#8221; back_color_solid=&#8221;#f4f4f4&#8243;][vc_column column_width_percent=&#8221;100&#8243; gutter_size=&#8221;4&#8243; overlay_alpha=&#8221;50&#8243; shift_x=&#8221;0&#8243; shift_y=&#8221;0&#8243; shift_y_down=&#8221;0&#8243; z_index=&#8221;0&#8243; medium_width=&#8221;0&#8243; mobile_width=&#8221;0&#8243; width=&#8221;1\/1&#8243;][vc_row_inner row_inner_height_percent=&#8221;0&#8243; overlay_alpha=&#8221;50&#8243; equal_height=&#8221;yes&#8221; gutter_size=&#8221;4&#8243; shift_y=&#8221;0&#8243; z_index=&#8221;0&#8243; limit_content=&#8221;&#8221;][vc_column_inner column_width_percent=&#8221;100&#8243; gutter_size=&#8221;3&#8243; overlay_alpha=&#8221;50&#8243; shift_x=&#8221;0&#8243; shift_y=&#8221;0&#8243; shift_y_down=&#8221;0&#8243; z_index=&#8221;0&#8243; medium_width=&#8221;3&#8243; mobile_width=&#8221;0&#8243; radius=&#8221;sm&#8221; width=&#8221;1\/3&#8243;][vc_icon display=&#8221;inline&#8221; icon=&#8221;fa fa-screen&#8221; icon_color=&#8221;accent&#8221; size=&#8221;fa-3x&#8221; text_size=&#8221;h4&#8243; title=&#8221;Web Sitesi Tasar\u0131m\u0131&#8221; link=&#8221;|||&#8221; uncode_shortcode_id=&#8221;211301&#8243; icon_color_type=&#8221;uncode-palette&#8221;]<\/p>\n<p style=\"text-align: justify;\">Web sitesinin kullan\u0131c\u0131 dostu bir aray\u00fcze sahip, kurumsal kimlik tasar\u0131m\u0131na uygun, mobil uyumlu ve SEO uyumlu olmas\u0131n\u0131 i\u00e7ermektedir. Ayr\u0131ca web sitesinin kodlama ve programlama a\u015famalar\u0131n\u0131 da i\u00e7erir. Bu hizmetler, web sitesinin i\u015flevsel olmas\u0131n\u0131, verimli \u00e7al\u0131\u015fmas\u0131n\u0131 ve h\u0131zl\u0131 y\u00fckleme s\u00fcrelerine sahip olmas\u0131n\u0131 sa\u011flar.<\/p>\n<p>[\/vc_icon][\/vc_column_inner][vc_column_inner column_width_percent=&#8221;100&#8243; gutter_size=&#8221;3&#8243; overlay_alpha=&#8221;50&#8243; shift_x=&#8221;0&#8243; shift_y=&#8221;0&#8243; shift_y_down=&#8221;0&#8243; z_index=&#8221;0&#8243; medium_width=&#8221;3&#8243; mobile_width=&#8221;0&#8243; radius=&#8221;sm&#8221; width=&#8221;1\/3&#8243;][vc_icon display=&#8221;inline&#8221; icon=&#8221;fa fa-mobile2&#8243; icon_color=&#8221;accent&#8221; size=&#8221;fa-3x&#8221; text_size=&#8221;h4&#8243; title=&#8221;Mobil Uyumlu Tasar\u0131m (Responsive)&#8221; link=&#8221;|||&#8221; uncode_shortcode_id=&#8221;152725&#8243; icon_color_type=&#8221;uncode-palette&#8221;]<\/p>\n<p style=\"text-align: justify;\">Web sitesini farkl\u0131 ekran boyutlar\u0131na (telefon, tabletler vb.) uygun olarak otomatik olarak uyumlu hale getiriyoruz. Bu sayede, site ziyaret\u00e7ileri, herhangi bir cihazdan siteye eri\u015febilirler ve ayn\u0131 kaliteli deneyimi ya\u015fayabilirler.<\/p>\n<p>[\/vc_icon][\/vc_column_inner][vc_column_inner column_width_percent=&#8221;100&#8243; gutter_size=&#8221;3&#8243; overlay_alpha=&#8221;50&#8243; shift_x=&#8221;0&#8243; shift_y=&#8221;0&#8243; shift_y_down=&#8221;0&#8243; z_index=&#8221;0&#8243; medium_width=&#8221;3&#8243; mobile_width=&#8221;0&#8243; radius=&#8221;sm&#8221; width=&#8221;1\/3&#8243; link_to=&#8221;|||&#8221;][vc_icon display=&#8221;inline&#8221; icon=&#8221;fa fa-store&#8221; icon_color=&#8221;accent&#8221; size=&#8221;fa-3x&#8221; text_size=&#8221;h4&#8243; title=&#8221;E-Ticaret Web Sitesi&#8221; link=&#8221;|||&#8221; uncode_shortcode_id=&#8221;231988&#8243; icon_color_type=&#8221;uncode-palette&#8221;]<\/p>\n<p style=\"text-align: justify;\">E-ticaret siteleri, bir i\u015fletmenizin \u00fcr\u00fcn ve hizmetlerini online olarak satmak i\u00e7in tasarlanm\u0131\u015f web siteleridir. E-ticaret sitesi hizmetimiz, \u00fcr\u00fcn kataloglar\u0131, \u00f6deme sistemleri, sipari\u015f y\u00f6netimi, envanter takibi ve di\u011fer \u00f6zellikleri i\u00e7ermektedir.<\/p>\n<p>[\/vc_icon][\/vc_column_inner][\/vc_row_inner][vc_row_inner row_inner_height_percent=&#8221;0&#8243; overlay_alpha=&#8221;50&#8243; equal_height=&#8221;yes&#8221; gutter_size=&#8221;4&#8243; shift_y=&#8221;0&#8243; z_index=&#8221;0&#8243; limit_content=&#8221;&#8221;][vc_column_inner column_width_percent=&#8221;100&#8243; gutter_size=&#8221;3&#8243; overlay_alpha=&#8221;50&#8243; shift_x=&#8221;0&#8243; shift_y=&#8221;0&#8243; shift_y_down=&#8221;0&#8243; z_index=&#8221;0&#8243; medium_width=&#8221;3&#8243; mobile_width=&#8221;0&#8243; radius=&#8221;sm&#8221; width=&#8221;1\/3&#8243;][vc_icon display=&#8221;inline&#8221; icon=&#8221;fa fa-search3&#8243; icon_color=&#8221;accent&#8221; size=&#8221;fa-3x&#8221; text_size=&#8221;h4&#8243; title=&#8221;SEO Uyumlu Tasar\u0131m&#8221; link=&#8221;|||&#8221; uncode_shortcode_id=&#8221;578512&#8243; icon_color_type=&#8221;uncode-palette&#8221;]<\/p>\n<p style=\"text-align: justify;\">SEO uyumlu tasar\u0131m ile, web sitesinin arama motoru optimizasyonu (SEO) i\u00e7in uygun hale getirilmesini sa\u011flamaktay\u0131z. Bu, web sitelerinin arama motoru sonu\u00e7 sayfalar\u0131nda (SERP) daha y\u00fcksek s\u0131ralama almas\u0131na yard\u0131mc\u0131 olur.<\/p>\n<p>[\/vc_icon][\/vc_column_inner][vc_column_inner column_width_percent=&#8221;100&#8243; gutter_size=&#8221;3&#8243; overlay_alpha=&#8221;50&#8243; shift_x=&#8221;0&#8243; shift_y=&#8221;0&#8243; shift_y_down=&#8221;0&#8243; z_index=&#8221;0&#8243; medium_width=&#8221;3&#8243; mobile_width=&#8221;0&#8243; radius=&#8221;sm&#8221; width=&#8221;1\/3&#8243;][vc_icon display=&#8221;inline&#8221; icon=&#8221;fa fa-user-o&#8221; icon_color=&#8221;accent&#8221; size=&#8221;fa-3x&#8221; text_size=&#8221;h4&#8243; title=&#8221;UI\/UX Tasar\u0131m&#8221; link=&#8221;|||&#8221; uncode_shortcode_id=&#8221;548835&#8243; icon_color_type=&#8221;uncode-palette&#8221;]<\/p>\n<p style=\"text-align: justify;\">UI\/UX tasar\u0131m\u0131: UI (User Interface) ve UX (User Experience) tasar\u0131m\u0131, bir web sitesinin kullan\u0131labilirli\u011fini ve kullan\u0131c\u0131 deneyimini iyile\u015ftirmek i\u00e7in yap\u0131lan \u00e7al\u0131\u015fmalard\u0131r. Bu \u00e7al\u0131\u015fmalar, kullan\u0131c\u0131lar\u0131n web sitesinde kolayca gezinmelerini, arad\u0131klar\u0131n\u0131 bulmalar\u0131n\u0131 ve hedeflerine ula\u015fmalar\u0131n\u0131 sa\u011flar.<\/p>\n<p>[\/vc_icon][\/vc_column_inner][vc_column_inner column_width_percent=&#8221;100&#8243; gutter_size=&#8221;3&#8243; overlay_alpha=&#8221;50&#8243; shift_x=&#8221;0&#8243; shift_y=&#8221;0&#8243; shift_y_down=&#8221;0&#8243; z_index=&#8221;0&#8243; medium_width=&#8221;3&#8243; mobile_width=&#8221;0&#8243; radius=&#8221;sm&#8221; width=&#8221;1\/3&#8243; link_to=&#8221;|||&#8221;][vc_icon display=&#8221;inline&#8221; icon=&#8221;fa fa-gears2&#8243; icon_color=&#8221;accent&#8221; size=&#8221;fa-3x&#8221; text_size=&#8221;h4&#8243; title=&#8221;Web Site Bak\u0131m ve G\u00fcncellemeleri&#8221; link=&#8221;|||&#8221; uncode_shortcode_id=&#8221;416754&#8243; icon_color_type=&#8221;uncode-palette&#8221;]<\/p>\n<p style=\"text-align: justify;\">Web site bak\u0131m\u0131 ve g\u00fcncellemeleri, web sitelerinin g\u00fcncel ve g\u00fcvenli kalmas\u0131n\u0131 sa\u011flamak i\u00e7in yap\u0131lan \u00e7al\u0131\u015fmalard\u0131r. Bu hizmet, web sitelerinin \u00e7al\u0131\u015fma s\u00fcreklili\u011fini sa\u011flamak i\u00e7in gereklidir.<\/p>\n<p>[\/vc_icon][\/vc_column_inner][\/vc_row_inner][\/vc_column][\/vc_row][vc_row][vc_column width=&#8221;1\/1&#8243;][vc_custom_heading heading_semantic=&#8221;h3&#8243; text_size=&#8221;fontsize-155944&#8243; separator=&#8221;yes&#8221; uncode_shortcode_id=&#8221;233891&#8243;]Web Sitesi Referanslar\u0131[\/vc_custom_heading][uncode_index el_id=&#8221;index-136316&#8243; loop=&#8221;size:24|order_by:date|order:DESC|post_type:portfolio|taxonomy_count:10&#8243; screen_lg=&#8221;1000&#8243; screen_md=&#8221;600&#8243; screen_sm=&#8221;480&#8243; gutter_size=&#8221;3&#8243; portfolio_items=&#8221;title,media|featured|onpost|original&#8221; single_shape=&#8221;round&#8221; single_overlay_opacity=&#8221;50&#8243; single_padding=&#8221;2&#8243; custom_order=&#8221;yes&#8221; items=&#8221;eyI1NDYyOV9pIjp7InNpbmdsZV9pY29uIjoiIiwic2luZ2xlX2xpbmsiOiJ1cmw6aHR0cHMlM0ElMkYlMkZzYWZpcmtyZWF0aWYuY29tJTJGdHIlMkZwb3J0Zm9saW8lMkZrdXp1LWJlYmUlMkZ8dGl0bGU6S3V6dSUyMEJlYmUlMjBXZWIlMjBTaXRlc2l8fCJ9LCI1NDU2MV9pIjp7InNpbmdsZV9pY29uIjoiIiwic2luZ2xlX2xpbmsiOiJ1cmw6aHR0cHMlM0ElMkYlMkZzYWZpcmtyZWF0aWYuY29tJTJGdHIlMkZwb3J0Zm9saW8lMkZ6ZXl0aW55YWdpLXNlcnZpc2ktZHIteWFnY2klMkZ8dGl0bGU6WmV5dGlueWFnaSUyMFNlcnZpc2klMjAoRHIuJTIwWWFnY2kpJTIwV2ViJTIwU2l0ZXNpfHwifSwiNTQ2MDJfaSI6eyJzaW5nbGVfaWNvbiI6IiIsInNpbmdsZV9saW5rIjoidXJsOmh0dHBzJTNBJTJGJTJGc2FmaXJrcmVhdGlmLmNvbSUyRnRyJTJGcG9ydGZvbGlvJTJGbXVzYS1ldmRlbi1ldmUtbmFrbGl5YXQlMkZ8dGl0bGU6TXVzYSUyMEV2ZGVuJTIwRXZlJTIwTmFrbGl5YXQlMjBXZWIlMjBTaXRlc2l8fCJ9LCI1NDU3NV9pIjp7InNpbmdsZV9pY29uIjoiIiwic2luZ2xlX2xpbmsiOiJ1cmw6aHR0cHMlM0ElMkYlMkZzYWZpcmtyZWF0aWYuY29tJTJGdHIlMkZwb3J0Zm9saW8lMkZzZXMtbXV6aWstb3JnYW5pemFzeW9uJTJGfHRpdGxlOlNlcyUyME11emlrJTIwT3JnYW5pemFzeW9uJTIwV2ViJTIwU2l0ZXNpfHwifSwiNTQ2MDBfaSI6eyJzaW5nbGVfaWNvbiI6IiIsInNpbmdsZV9saW5rIjoidXJsOmh0dHBzJTNBJTJGJTJGc2FmaXJrcmVhdGlmLmNvbSUyRnRyJTJGcG9ydGZvbGlvJTJGa29yZmV6LWNhZy15YXBpLWluc2FhdCUyRnx0aXRsZTpLb3JmZXolMjBDYWclQzIlOUYlMjBZYXBpJTIwaW5zJUMyJTlGYWF0JTIwV2ViJTIwU2l0ZXNpfHwifSwiNTQ0NzNfaSI6eyJzaW5nbGVfaWNvbiI6IiIsInNpbmdsZV9saW5rIjoidXJsOmh0dHBzJTNBJTJGJTJGc2FmaXJrcmVhdGlmLmNvbSUyRnRyJTJGcG9ydGZvbGlvJTJGZWxtYWNpay1zdSUyRnx0aXRsZTpFbG1hY2lrJTIwU3UlMjBXZWIlMjBTaXRlc2l8fCJ9LCI1NDY1MV9pIjp7InNpbmdsZV9pY29uIjoiIiwic2luZ2xlX2xpbmsiOiJ1cmw6aHR0cHMlM0ElMkYlMkZzYWZpcmtyZWF0aWYuY29tJTJGdHIlMkZwb3J0Zm9saW8lMkZkci1oYW5kZS1ha2JhcyUyRnx0aXRsZTpEci4lMjBIYW5kZSUyMEFrYmFzJTIwS2lzaXNlbCUyMFdlYiUyMFNpdGVzaXx8In0sIjU0NjM2X2kiOnsic2luZ2xlX2ljb24iOiIiLCJzaW5nbGVfbGluayI6InVybDpodHRwcyUzQSUyRiUyRnNhZmlya3JlYXRpZi5jb20lMkZ0ciUyRnBvcnRmb2xpbyUyRm11aGFycmVtLWRlcnZlbnQlMkZ8dGl0bGU6TXVoYXJyZW0lMjBEZXJ2ZW50JTIwV2ViJTIwU2l0ZXNpfHwifSwiNTQ2NDNfaSI6eyJzaW5nbGVfaWNvbiI6IiIsInNpbmdsZV9saW5rIjoidXJsOmh0dHBzJTNBJTJGJTJGc2FmaXJrcmVhdGlmLmNvbSUyRnRyJTJGcG9ydGZvbGlvJTJGZW5lcy1ldmRlbi1ldmUtbmFrbGl5YXQlMkZ8dGl0bGU6RW5lcyUyMEV2ZGVuJTIwRXZlJTIwTmFrbGl5YXQlMjBXZWIlMjBTaXRlc2l8fCJ9LCI1NDU2OV9pIjp7InNpbmdsZV9pY29uIjoiIiwic2luZ2xlX2xpbmsiOiJ1cmw6aHR0cHMlM0ElMkYlMkZzYWZpcmtyZWF0aWYuY29tJTJGdHIlMkZwb3J0Zm9saW8lMkZtaW5hLWF1dG8lMkZ8dGl0bGU6TWluYSUyMEF1dG8lMjBvemVsJTIwWWF6aWxpbSUyMFdlYiUyMFNpdGVzaXx8In0sIjU0NTkyX2kiOnsic2luZ2xlX2ljb24iOiIiLCJzaW5nbGVfbGluayI6InVybDpodHRwcyUzQSUyRiUyRnNhZmlya3JlYXRpZi5jb20lMkZ0ciUyRnBvcnRmb2xpbyUyRmVya2FuLW9ycyUyRnx0aXRsZTpFcmthbiUyME9SUyUyMFdlYiUyMFNpdGVzaXx8In0sIjU0NjA5X2kiOnsic2luZ2xlX2ljb24iOiIiLCJzaW5nbGVfbGluayI6InVybDpodHRwcyUzQSUyRiUyRnNhZmlya3JlYXRpZi5jb20lMkZ0ciUyRnBvcnRmb2xpbyUyRmthcnRhbC10YXJpbS1tYWtpbmFsYXJpJTJGfHRpdGxlOkthcnRhbCUyMFRhcmltJTIwTWFraW5hbGFyaSUyMEUtVGljYXJldCUyMFdlYiUyMFNpdGVzaXx8In0sIjU0NjE1X2kiOnsic2luZ2xlX2ljb24iOiIiLCJzaW5nbGVfbGluayI6InVybDpodHRwcyUzQSUyRiUyRnNhZmlya3JlYXRpZi5jb20lMkZ0ciUyRnBvcnRmb2xpbyUyRmt1ZHJldC16ZXl0aW55YWdsYXJpJTJGfHRpdGxlOkt1ZHJldCUyMFpleXRpbnlhZ2xhcmklMjBFLVRpY2FyZXQlMjBXZWIlMjBTaXRlc2l8fCJ9LCI1NDY1Nl9pIjp7InNpbmdsZV9pY29uIjoiIiwic2luZ2xlX2xpbmsiOiJ1cmw6aHR0cHMlM0ElMkYlMkZzYWZpcmtyZWF0aWYuY29tJTJGdHIlMkZwb3J0Zm9saW8lMkZiaWxnaWNsZXItaW5zYWF0JTJGfHRpdGxlOkJpbGdpY2xlciUyMGluc2FhdCUyMFdlYiUyMFNpdGVzaXx8In0sIjU0NTg3X2kiOnsic2luZ2xlX2ljb24iOiIiLCJzaW5nbGVfbGluayI6InVybDpodHRwcyUzQSUyRiUyRnNhZmlya3JlYXRpZi5jb20lMkZ0ciUyRnBvcnRmb2xpbyUyRmRpemF5bmVyLW1vYmlseWEtdmUtbXV0ZmFrJTJGfHRpdGxlOkRpemF5bmVyJTIwTXV0ZmFrJTIwdmUlMjBNb2JpbHlhJTIwV2ViJTIwU2l0ZXNpfHwifSwiNTQ1ODNfaSI6eyJzaW5nbGVfaWNvbiI6IiIsInNpbmdsZV9saW5rIjoidXJsOmh0dHBzJTNBJTJGJTJGc2FmaXJrcmVhdGlmLmNvbSUyRnRyJTJGcG9ydGZvbGlvJTJGZWRyZW1pdC1hay1zaWdvcnRhJTJGfHRpdGxlOkVkcmVtaXQlMjBBayUyMFNpZ29ydGElMjBXZWIlMjBTaXRlc2l8fCJ9LCI1NDU1OV9pIjp7InNpbmdsZV9pY29uIjoiIiwic2luZ2xlX2xpbmsiOiJ1cmw6aHR0cHMlM0ElMkYlMkZzYWZpcmtyZWF0aWYuY29tJTJGdHIlMkZwb3J0Zm9saW8lMkZzZXlydS1zZWZhLWRlbml6Y2lsaWslMkZ8dGl0bGU6U2V5ci11JTIwU2VmYSUyMERlbml6Y2lsaWslMjBXZWIlMjBTaXRlc2l8fCJ9LCI1NDYzOF9pIjp7InNpbmdsZV9pY29uIjoiIiwic2luZ2xlX2xpbmsiOiJ1cmw6aHR0cHMlM0ElMkYlMkZzYWZpcmtyZWF0aWYuY29tJTJGdHIlMkZwb3J0Zm9saW8lMkZsb2MtZGVzaWduJTJGfHRpdGxlOkxvYyUyMERlc2lnbiUyMFdlYiUyMFNpdGVzaXx8In0sIjU0NTgwX2kiOnsic2luZ2xlX2ljb24iOiIiLCJzaW5nbGVfbGluayI6InVybDpodHRwcyUzQSUyRiUyRnNhZmlya3JlYXRpZi5jb20lMkZ0ciUyRnBvcnRmb2xpbyUyRmV5aW51ci1pbnNhYXQlMkZ8dGl0bGU6RXlpbnVyJTIwaW5zJUMyJTlGYWF0JTIwV2ViJTIwU2l0ZXNpfHwifX0=&#8221; uncode_shortcode_id=&#8221;884120&#8243;][\/vc_column][\/vc_row][vc_row row_height_percent=&#8221;0&#8243; override_padding=&#8221;yes&#8221; h_padding=&#8221;2&#8243; top_padding=&#8221;5&#8243; bottom_padding=&#8221;5&#8243; back_color=&#8221;color-wayh&#8221; back_image=&#8221;55066&#8243; parallax=&#8221;yes&#8221; overlay_color=&#8221;accent&#8221; overlay_alpha=&#8221;80&#8243; gutter_size=&#8221;3&#8243; column_width_percent=&#8221;100&#8243; shift_y=&#8221;0&#8243; z_index=&#8221;0&#8243; top_divider=&#8221;gradient&#8221; bottom_divider=&#8221;gradient&#8221;][vc_column column_width_percent=&#8221;100&#8243; position_vertical=&#8221;middle&#8221; align_horizontal=&#8221;align_center&#8221; gutter_size=&#8221;4&#8243; style=&#8221;dark&#8221; overlay_alpha=&#8221;50&#8243; shift_x=&#8221;0&#8243; shift_y=&#8221;0&#8243; shift_y_down=&#8221;0&#8243; z_index=&#8221;0&#8243; medium_width=&#8221;0&#8243; mobile_width=&#8221;0&#8243; width=&#8221;1\/1&#8243;][vc_row_inner row_inner_height_percent=&#8221;0&#8243; overlay_alpha=&#8221;50&#8243; gutter_size=&#8221;4&#8243; shift_y=&#8221;0&#8243; z_index=&#8221;0&#8243; limit_content=&#8221;&#8221;][vc_column_inner column_width_percent=&#8221;100&#8243; align_horizontal=&#8221;align_center&#8221; gutter_size=&#8221;3&#8243; style=&#8221;dark&#8221; overlay_alpha=&#8221;50&#8243; shift_x=&#8221;0&#8243; shift_y=&#8221;0&#8243; shift_y_down=&#8221;0&#8243; z_index=&#8221;0&#8243; medium_width=&#8221;0&#8243; mobile_width=&#8221;0&#8243; width=&#8221;1\/1&#8243;][vc_custom_heading heading_semantic=&#8221;h3&#8243; text_size=&#8221;fontsize-338686&#8243; css_animation=&#8221;curtain&#8221; interval_animation=&#8221;200&#8243; uncode_shortcode_id=&#8221;361213&#8243;]<span class=\"heading-text-highlight \" data-atts='{\"bg\":\"style-color-xsdn-bg\",\"height\":\"15%\",\"offset\":\"0.15em\",\"opacity\":\"0.25\",\"animated\":\"yes\"}'>detayl\u0131 bilgi i\u00e7in bize ula\u015f\u0131n.<\/span>[\/vc_custom_heading][vc_empty_space empty_h=&#8221;1&#8243; mobile_visibility=&#8221;yes&#8221;][vc_button shadow=&#8221;yes&#8221; border_width=&#8221;0&#8243; css_animation=&#8221;zoom-in&#8221; animation_delay=&#8221;800&#8243; link=&#8221;url:tel%3A05069811693|target:_blank&#8221; uncode_shortcode_id=&#8221;466284&#8243;]Bizi aray\u0131n[\/vc_button][\/vc_column_inner][\/vc_row_inner][\/vc_column][\/vc_row]<\/p>\n","protected":false},"excerpt":{"rendered":"<p>[vc_row unlock_row_content=&#8221;yes&#8221; row_height_percent=&#8221;15&#8243; override_padding=&#8221;yes&#8221; h_padding=&#8221;1&#8243; top_padding=&#8221;2&#8243; bottom_padding=&#8221;2&#8243; overlay_alpha=&#8221;49&#8243; equal_height=&#8221;yes&#8221; gutter_size=&#8221;4&#8243; column_width_percent=&#8221;100&#8243; shift_y=&#8221;0&#8243; z_index=&#8221;0&#8243; uncode_shortcode_id=&#8221;120928&#8243; back_color_type=&#8221;uncode-solid&#8221; back_color_solid=&#8221;#ffffff&#8221;][vc_column column_width_percent=&#8221;78&#8243; position_vertical=&#8221;middle&#8221; align_horizontal=&#8221;align_center&#8221; gutter_size=&#8221;1&#8243; [&hellip;]<\/p>\n","protected":false},"author":1,"featured_media":0,"parent":0,"menu_order":0,"comment_status":"closed","ping_status":"closed","template":"","meta":{"_joinchat":[],"footnotes":""},"class_list":["post-54879","page","type-page","status-publish","hentry"],"aioseo_notices":[],"_links":{"self":[{"href":"https:\/\/safirkreatif.com\/tr\/wp-json\/wp\/v2\/pages\/54879","targetHints":{"allow":["GET"]}}],"collection":[{"href":"https:\/\/safirkreatif.com\/tr\/wp-json\/wp\/v2\/pages"}],"about":[{"href":"https:\/\/safirkreatif.com\/tr\/wp-json\/wp\/v2\/types\/page"}],"author":[{"embeddable":true,"href":"https:\/\/safirkreatif.com\/tr\/wp-json\/wp\/v2\/users\/1"}],"replies":[{"embeddable":true,"href":"https:\/\/safirkreatif.com\/tr\/wp-json\/wp\/v2\/comments?post=54879"}],"version-history":[{"count":0,"href":"https:\/\/safirkreatif.com\/tr\/wp-json\/wp\/v2\/pages\/54879\/revisions"}],"wp:attachment":[{"href":"https:\/\/safirkreatif.com\/tr\/wp-json\/wp\/v2\/media?parent=54879"}],"curies":[{"name":"wp","href":"https:\/\/api.w.org\/{rel}","templated":true}]}}