{"id":3541,"date":"2014-12-11T17:50:51","date_gmt":"2014-12-11T16:50:51","guid":{"rendered":"http:\/\/www.undsgn.com\/uncode\/?page_id=3541"},"modified":"2024-04-15T23:14:54","modified_gmt":"2024-04-15T20:14:54","slug":"biz-kimiz","status":"publish","type":"page","link":"https:\/\/safirkreatif.com\/tr\/biz-kimiz\/","title":{"rendered":"Biz Kimiz?"},"content":{"rendered":"<p>[vc_row row_height_percent=&#8221;0&#8243; override_padding=&#8221;yes&#8221; h_padding=&#8221;2&#8243; top_padding=&#8221;5&#8243; bottom_padding=&#8221;5&#8243; overlay_alpha=&#8221;100&#8243; gutter_size=&#8221;100&#8243; shift_y=&#8221;0&#8243; style=&#8221;inherited&#8221; css=&#8221;.vc_custom_1479242460697{margin-top: -50px !important;}&#8221;][vc_column column_width_use_pixel=&#8221;yes&#8221; align_horizontal=&#8221;align_center&#8221; gutter_size=&#8221;4&#8243; overlay_alpha=&#8221;100&#8243; shift_x=&#8221;0&#8243; shift_y=&#8221;0&#8243; z_index=&#8221;0&#8243; medium_width=&#8221;0&#8243; zoom_width=&#8221;0&#8243; zoom_height=&#8221;0&#8243; width=&#8221;1\/1&#8243;][vc_column_text text_lead=&#8221;yes&#8221;]<\/p>\n<p style=\"text-align: center;\"><img decoding=\"async\" class=\"alignnone wp-image-54532 size-full\" src=\"https:\/\/safirkreatif.com\/tr\/wp-content\/uploads\/2014\/12\/logo-safir-kreatif-hakkimizda.png\" width=\"37\" height=\"54\" \/><\/p>\n<p style=\"text-align: center;\">Y\u00fcr\u00fctt\u00fc\u011f\u00fcm\u00fcz kurumsal projelerde, sekt\u00f6r\u00fc yak\u0131ndan takip eden gen\u00e7, dinamik, kreatif d\u00fc\u015f\u00fcnebilen profesyonel ekibimiz ile firman\u0131za de\u011fer kat\u0131yoruz.<\/p>\n<p style=\"text-align: center;\"><strong>Amac\u0131m\u0131z<\/strong> hedeflerinize odaklanarak firman\u0131z\u0131 mercek alt\u0131na al\u0131p, sizler i\u00e7in en do\u011fru \u00e7al\u0131\u015fma plan\u0131n\u0131 olu\u015fturmak.<\/p>\n<p style=\"text-align: center;\"><strong>\u0130\u015f geli\u015ftirme ve uygulama<\/strong> alan\u0131nda uzman ekibimiz taraf\u0131ndan belirlemi\u015f oldu\u011fumuz, amaca en uygun proje, do\u011fru zaman, do\u011fru platform ve en do\u011fru stratejilerle uygulamaya ge\u00e7iriliyor.<\/p>\n<p style=\"text-align: center;\"><strong>D\u00fc\u015f\u00fcnme, g\u00fcven!<\/strong><\/p>\n<p>[\/vc_column_text][\/vc_column][\/vc_row][vc_row row_height_percent=&#8221;0&#8243; overlay_alpha=&#8221;100&#8243; equal_height=&#8221;yes&#8221; gutter_size=&#8221;0&#8243; shift_y=&#8221;0&#8243; style=&#8221;inherited&#8221; row_name=&#8221;Our Team&#8221; css=&#8221;.vc_custom_1479242553530{margin-top: -40px !important;}&#8221;][vc_column column_width_percent=&#8221;100&#8243; position_horizontal=&#8221;left&#8221; position_vertical=&#8221;middle&#8221; gutter_size=&#8221;3&#8243; override_padding=&#8221;yes&#8221; column_padding=&#8221;0&#8243; style=&#8221;dark&#8221; overlay_alpha=&#8221;100&#8243; shift_x=&#8221;0&#8243; shift_y=&#8221;0&#8243; medium_width=&#8221;0&#8243; zoom_width=&#8221;0&#8243; zoom_height=&#8221;0&#8243; width=&#8221;1\/1&#8243;][vc_gallery el_id=&#8221;gallery-318462&#8243; medias=&#8221;54826,54918,54919,54954,54916&#8243; gallery_back_color=&#8221;color-xsdn&#8221; gutter_size=&#8221;4&#8243; media_items=&#8221;media|lightbox|original,title,caption,sep-one|reduced,team-social&#8221; screen_lg=&#8221;1000&#8243; screen_md=&#8221;600&#8243; screen_sm=&#8221;480&#8243; single_text=&#8221;under&#8221; single_shape=&#8221;circle&#8221; single_overlay_opacity=&#8221;90&#8243; single_overlay_anim=&#8221;no&#8221; single_text_anim=&#8221;no&#8221; single_image_anim=&#8221;no&#8221; single_h_align=&#8221;center&#8221; single_padding=&#8221;2&#8243; single_text_reduced=&#8221;yes&#8221; single_title_family=&#8221;font-762333&#8243; single_title_dimension=&#8221;h6&#8243; single_border=&#8221;yes&#8221; single_css_animation=&#8221;bottom-t-top&#8221; single_animation_delay=&#8221;200&#8243; lbox_title=&#8221;yes&#8221; lbox_caption=&#8221;yes&#8221; items=&#8221;eyIxNDYzN19pIjp7InNpbmdsZV9pY29uIjoiZmEgZmEtcGx1czIiLCJpbWFnZXNfc2l6ZSI6Im9uZS1vbmUiLCJzaW5nbGVfb3ZlcmxheV9vcGFjaXR5IjoiNTAiLCJzaW5nbGVfcGFkZGluZyI6IjEifSwiMTQ2MzhfaSI6eyJzaW5nbGVfaWNvbiI6ImZhIGZhLXBsdXMyIiwiaW1hZ2VzX3NpemUiOiJvbmUtb25lIiwic2luZ2xlX3NoYXBlIjoiY2lyY2xlIiwic2luZ2xlX292ZXJsYXlfb3BhY2l0eSI6IjUwIiwic2luZ2xlX3BhZGRpbmciOiIxIn0sIjE0NjQwX2kiOnsic2luZ2xlX2ljb24iOiJmYSBmYS1wbHVzMiIsImltYWdlc19zaXplIjoib25lLW9uZSIsInNpbmdsZV9zaGFwZSI6ImNpcmNsZSIsInNpbmdsZV9vdmVybGF5X29wYWNpdHkiOiI0OSIsInNpbmdsZV9wYWRkaW5nIjoiMSJ9LCIxNDY0Ml9pIjp7InNpbmdsZV9pY29uIjoiZmEgZmEtcGx1czIiLCJpbWFnZXNfc2l6ZSI6Im9uZS1vbmUiLCJzaW5nbGVfc2hhcGUiOiJjaXJjbGUiLCJzaW5nbGVfb3ZlcmxheV9vcGFjaXR5IjoiNTAiLCJzaW5nbGVfcGFkZGluZyI6IjEifSwiNTQ1MTdfaSI6eyJzaW5nbGVfaWNvbiI6IiJ9LCI1NDUxNV9pIjp7InNpbmdsZV9pY29uIjoiIn19&#8243; uncode_shortcode_id=&#8221;606220&#8243; gallery_back_color_type=&#8221;uncode-palette&#8221;][\/vc_column][\/vc_row][vc_row][vc_column width=&#8221;1\/1&#8243;][vc_column_text text_lead=&#8221;yes&#8221;]<\/p>\n<p style=\"text-align: center;\"><strong>\u00c7\u00d6Z\u00dcM ORTAKLARIMIZ<\/strong><\/p>\n<p style=\"text-align: center;\"><img decoding=\"async\" class=\"wp-image-54930 aligncenter\" src=\"https:\/\/safirkreatif.com\/tr\/wp-content\/uploads\/2014\/12\/unlem_istanbul_logo-300x300.png\" alt=\"\" width=\"130\" height=\"113\" \/><\/p>\n<p>[\/vc_column_text][\/vc_column][\/vc_row]<\/p>\n","protected":false},"excerpt":{"rendered":"<p>[vc_row row_height_percent=&#8221;0&#8243; override_padding=&#8221;yes&#8221; h_padding=&#8221;2&#8243; top_padding=&#8221;5&#8243; bottom_padding=&#8221;5&#8243; overlay_alpha=&#8221;100&#8243; gutter_size=&#8221;100&#8243; shift_y=&#8221;0&#8243; style=&#8221;inherited&#8221; css=&#8221;.vc_custom_1479242460697{margin-top: -50px !important;}&#8221;][vc_column column_width_use_pixel=&#8221;yes&#8221; align_horizontal=&#8221;align_center&#8221; gutter_size=&#8221;4&#8243; overlay_alpha=&#8221;100&#8243; shift_x=&#8221;0&#8243; shift_y=&#8221;0&#8243; z_index=&#8221;0&#8243; [&hellip;]<\/p>\n","protected":false},"author":1,"featured_media":0,"parent":0,"menu_order":0,"comment_status":"open","ping_status":"closed","template":"","meta":{"_joinchat":[],"footnotes":""},"class_list":["post-3541","page","type-page","status-publish","hentry"],"aioseo_notices":[],"_links":{"self":[{"href":"https:\/\/safirkreatif.com\/tr\/wp-json\/wp\/v2\/pages\/3541","targetHints":{"allow":["GET"]}}],"collection":[{"href":"https:\/\/safirkreatif.com\/tr\/wp-json\/wp\/v2\/pages"}],"about":[{"href":"https:\/\/safirkreatif.com\/tr\/wp-json\/wp\/v2\/types\/page"}],"author":[{"embeddable":true,"href":"https:\/\/safirkreatif.com\/tr\/wp-json\/wp\/v2\/users\/1"}],"replies":[{"embeddable":true,"href":"https:\/\/safirkreatif.com\/tr\/wp-json\/wp\/v2\/comments?post=3541"}],"version-history":[{"count":0,"href":"https:\/\/safirkreatif.com\/tr\/wp-json\/wp\/v2\/pages\/3541\/revisions"}],"wp:attachment":[{"href":"https:\/\/safirkreatif.com\/tr\/wp-json\/wp\/v2\/media?parent=3541"}],"curies":[{"name":"wp","href":"https:\/\/api.w.org\/{rel}","templated":true}]}}