{"id":24366,"date":"2014-12-15T19:59:15","date_gmt":"2014-12-15T18:59:15","guid":{"rendered":"http:\/\/www.undsgn.com\/uncode\/services-1-modern\/?lang=it"},"modified":"2023-03-23T11:53:52","modified_gmt":"2023-03-23T08:53:52","slug":"neler-yapariz","status":"publish","type":"page","link":"https:\/\/safirkreatif.com\/tr\/neler-yapariz\/","title":{"rendered":"Neler Yapar\u0131z?"},"content":{"rendered":"<p>[vc_row unlock_row_content=&#8221;yes&#8221; row_height_percent=&#8221;50&#8243; override_padding=&#8221;yes&#8221; h_padding=&#8221;0&#8243; top_padding=&#8221;0&#8243; bottom_padding=&#8221;0&#8243; back_color=&#8221;color-wayh&#8221; overlay_alpha=&#8221;100&#8243; equal_height=&#8221;yes&#8221; gutter_size=&#8221;0&#8243; shift_y=&#8221;0&#8243; style=&#8221;inherited&#8221;][vc_column column_width_percent=&#8221;100&#8243; position_horizontal=&#8221;left&#8221; position_vertical=&#8221;middle&#8221; align_horizontal=&#8221;align_center&#8221; gutter_size=&#8221;3&#8243; override_padding=&#8221;yes&#8221; column_padding=&#8221;4&#8243; back_color=&#8221;color-xsdn&#8221; overlay_alpha=&#8221;100&#8243; shift_x=&#8221;0&#8243; shift_y=&#8221;0&#8243; shift_y_down=&#8221;0&#8243; z_index=&#8221;0&#8243; medium_width=&#8221;3&#8243; mobile_width=&#8221;0&#8243; zoom_width=&#8221;0&#8243; zoom_height=&#8221;0&#8243; width=&#8221;1\/3&#8243;][vc_icon icon=&#8221;fa fa-screen&#8221; size=&#8221;fa-4x&#8221; align=&#8221;&#8221; title=&#8221;Web Tasar\u0131m&#8221; uncode_shortcode_id=&#8221;205216&#8243;]Ki\u015fiye ve kurumlara \u00f6zel web sitesi paket hizmetimizle, web sitesi olu\u015fturma kurulum ve web sitesinin periyodik bak\u0131m hizmeti vermekteyiz.[\/vc_icon][vc_button border_animation=&#8221;btn-ripple-out&#8221; outline=&#8221;yes&#8221; text_skin=&#8221;yes&#8221; shadow=&#8221;yes&#8221; border_width=&#8221;0&#8243; link=&#8221;url:https%3A%2F%2Fsafirkreatif.com%2Ftr%2Fweb-tasarim%2F|title:Web%20Tasar%C4%B1m&#8221; uncode_shortcode_id=&#8221;186445&#8243; icon=&#8221;fa fa-basket&#8221;]Neler Yapar\u0131z?[\/vc_button][\/vc_column][vc_column column_width_percent=&#8221;100&#8243; position_horizontal=&#8221;left&#8221; gutter_size=&#8221;3&#8243; back_color=&#8221;color-gyho&#8221; back_image=&#8221;55214&#8243; overlay_alpha=&#8221;100&#8243; shift_x=&#8221;0&#8243; shift_y=&#8221;0&#8243; shift_y_down=&#8221;0&#8243; z_index=&#8221;0&#8243; medium_width=&#8221;3&#8243; mobile_width=&#8221;0&#8243; zoom_width=&#8221;0&#8243; zoom_height=&#8221;0&#8243; width=&#8221;1\/3&#8243; mobile_height=&#8221;260&#8243; uncode_shortcode_id=&#8221;738319&#8243; back_color_type=&#8221;uncode-palette&#8221;][\/vc_column][vc_column column_width_percent=&#8221;100&#8243; position_vertical=&#8221;middle&#8221; align_horizontal=&#8221;align_center&#8221; gutter_size=&#8221;3&#8243; override_padding=&#8221;yes&#8221; column_padding=&#8221;4&#8243; back_color=&#8221;color-xsdn&#8221; overlay_alpha=&#8221;50&#8243; shift_x=&#8221;0&#8243; shift_y=&#8221;0&#8243; shift_y_down=&#8221;0&#8243; z_index=&#8221;0&#8243; medium_width=&#8221;3&#8243; mobile_width=&#8221;0&#8243; zoom_width=&#8221;0&#8243; zoom_height=&#8221;0&#8243; width=&#8221;1\/3&#8243;][vc_icon icon=&#8221;fa fa-store&#8221; size=&#8221;fa-4x&#8221; align=&#8221;&#8221; title=&#8221;E-Ticaret&#8221; uncode_shortcode_id=&#8221;527270&#8243;]Profesyonel olarak haz\u0131rlad\u0131\u011f\u0131m\u0131z, firma konseptine uygun ve kullan\u0131m\u0131 kolay E-ticaret yaz\u0131l\u0131m\u0131 sayesinde internetten k\u00e2r\u0131n\u0131z\u0131 artt\u0131rarak kazanc\u0131n\u0131z\u0131 katlayabilirsiniz.[\/vc_icon][vc_button border_animation=&#8221;btn-ripple-out&#8221; outline=&#8221;yes&#8221; text_skin=&#8221;yes&#8221; shadow=&#8221;yes&#8221; border_width=&#8221;0&#8243; link=&#8221;url:https%3A%2F%2Fsafirkreatif.com%2Ftr%2Fe-ticaret-yazilimi%2F|title:E-Ticaret%20Yaz%C4%B1l%C4%B1m%C4%B1&#8243; uncode_shortcode_id=&#8221;168317&#8243; icon=&#8221;fa fa-basket&#8221;]Neler Yapar\u0131z?[\/vc_button][\/vc_column][\/vc_row][vc_row unlock_row_content=&#8221;yes&#8221; row_height_percent=&#8221;50&#8243; override_padding=&#8221;yes&#8221; h_padding=&#8221;0&#8243; top_padding=&#8221;0&#8243; bottom_padding=&#8221;0&#8243; back_color=&#8221;color-wayh&#8221; overlay_alpha=&#8221;100&#8243; equal_height=&#8221;yes&#8221; gutter_size=&#8221;0&#8243; shift_y=&#8221;0&#8243; style=&#8221;inherited&#8221;][vc_column column_width_percent=&#8221;100&#8243; position_horizontal=&#8221;left&#8221; gutter_size=&#8221;3&#8243; back_color=&#8221;color-gyho&#8221; back_image=&#8221;55216&#8243; overlay_alpha=&#8221;100&#8243; shift_x=&#8221;0&#8243; shift_y=&#8221;0&#8243; shift_y_down=&#8221;0&#8243; z_index=&#8221;0&#8243; medium_width=&#8221;3&#8243; mobile_width=&#8221;0&#8243; zoom_height=&#8221;0&#8243; width=&#8221;1\/3&#8243; mobile_height=&#8221;260&#8243; uncode_shortcode_id=&#8221;210889&#8243; back_color_type=&#8221;uncode-palette&#8221;][\/vc_column][vc_column column_width_percent=&#8221;100&#8243; position_horizontal=&#8221;left&#8221; position_vertical=&#8221;middle&#8221; align_horizontal=&#8221;align_center&#8221; gutter_size=&#8221;3&#8243; override_padding=&#8221;yes&#8221; column_padding=&#8221;4&#8243; back_color=&#8221;color-xsdn&#8221; overlay_alpha=&#8221;100&#8243; shift_x=&#8221;0&#8243; shift_y=&#8221;0&#8243; shift_y_down=&#8221;0&#8243; z_index=&#8221;0&#8243; medium_width=&#8221;3&#8243; mobile_width=&#8221;0&#8243; zoom_width=&#8221;0&#8243; zoom_height=&#8221;0&#8243; width=&#8221;1\/3&#8243;][vc_icon icon=&#8221;fa fa-business-card&#8221; size=&#8221;fa-4x&#8221; align=&#8221;&#8221; title=&#8221;Grafik Tasar\u0131m\u0131&#8221; uncode_shortcode_id=&#8221;560966&#8243;]Grafik tasar\u0131m hizmetlerimiz, ba\u015fta marka de\u011ferinizi art\u0131rmak ve markan\u0131za de\u011fer katmak i\u00e7in kurumsal kimlik tasar\u0131m\u0131 (amblem-logo dan kartvizite, antetli k\u00e2\u011f\u0131ttan, tabelaya, web sitesinden faturaya kadar her \u015fey) olu\u015fturmaktay\u0131z.[\/vc_icon][vc_button border_animation=&#8221;btn-ripple-out&#8221; outline=&#8221;yes&#8221; text_skin=&#8221;yes&#8221; shadow=&#8221;yes&#8221; border_width=&#8221;0&#8243; link=&#8221;url:https%3A%2F%2Fsafirkreatif.com%2Ftr%2Fgrafik-tasarimi%2F|title:Grafik%20Tasar%C4%B1m%C4%B1&#8243; uncode_shortcode_id=&#8221;210363&#8243; icon=&#8221;fa fa-basket&#8221;]Neler Yapar\u0131z?[\/vc_button][\/vc_column][vc_column column_width_percent=&#8221;100&#8243; position_horizontal=&#8221;left&#8221; gutter_size=&#8221;3&#8243; back_color=&#8221;color-gyho&#8221; back_image=&#8221;55215&#8243; overlay_alpha=&#8221;100&#8243; shift_x=&#8221;0&#8243; shift_y=&#8221;0&#8243; shift_y_down=&#8221;0&#8243; z_index=&#8221;0&#8243; medium_width=&#8221;3&#8243; mobile_width=&#8221;0&#8243; zoom_width=&#8221;0&#8243; zoom_height=&#8221;0&#8243; width=&#8221;1\/3&#8243; mobile_height=&#8221;260&#8243; uncode_shortcode_id=&#8221;157652&#8243; back_color_type=&#8221;uncode-palette&#8221;][\/vc_column][\/vc_row][vc_row unlock_row_content=&#8221;yes&#8221; row_height_percent=&#8221;50&#8243; override_padding=&#8221;yes&#8221; h_padding=&#8221;0&#8243; top_padding=&#8221;0&#8243; bottom_padding=&#8221;0&#8243; back_color=&#8221;color-wayh&#8221; overlay_alpha=&#8221;100&#8243; equal_height=&#8221;yes&#8221; gutter_size=&#8221;0&#8243; shift_y=&#8221;0&#8243; style=&#8221;inherited&#8221;][vc_column column_width_percent=&#8221;100&#8243; position_horizontal=&#8221;left&#8221; position_vertical=&#8221;middle&#8221; align_horizontal=&#8221;align_center&#8221; gutter_size=&#8221;3&#8243; override_padding=&#8221;yes&#8221; column_padding=&#8221;4&#8243; back_color=&#8221;color-xsdn&#8221; overlay_alpha=&#8221;100&#8243; shift_x=&#8221;0&#8243; shift_y=&#8221;0&#8243; shift_y_down=&#8221;0&#8243; z_index=&#8221;0&#8243; medium_width=&#8221;3&#8243; mobile_width=&#8221;0&#8243; zoom_width=&#8221;0&#8243; zoom_height=&#8221;0&#8243; width=&#8221;1\/3&#8243;][vc_icon icon=&#8221;fa fa-instagram&#8221; size=&#8221;fa-4x&#8221; align=&#8221;&#8221; title=&#8221;Sosyal Medya Dan\u0131\u015fmanl\u0131\u011f\u0131&#8221; uncode_shortcode_id=&#8221;199511&#8243;]Web sitenizi en etkin bir \u015fekilde t\u00fcm sosyal medya platformlar\u0131nda (facebook, twitter, instagram, youtube google+ vb.) tan\u0131tarak daha etkin ve pop\u00fcler hale getiriyoruz.[\/vc_icon][vc_button border_animation=&#8221;btn-ripple-out&#8221; outline=&#8221;yes&#8221; text_skin=&#8221;yes&#8221; shadow=&#8221;yes&#8221; border_width=&#8221;0&#8243; link=&#8221;url:https%3A%2F%2Fsafirkreatif.com%2Ftr%2Fsosyal-medya-danismanligi%2F|title:Sosyal%20Medya%20Dan%C4%B1%C5%9Fmanl%C4%B1%C4%9F%C4%B1&#8243; uncode_shortcode_id=&#8221;133915&#8243; icon=&#8221;fa fa-basket&#8221;]Neler Yapar\u0131z?[\/vc_button][\/vc_column][vc_column column_width_percent=&#8221;100&#8243; position_horizontal=&#8221;left&#8221; gutter_size=&#8221;3&#8243; back_color=&#8221;color-gyho&#8221; back_image=&#8221;55219&#8243; overlay_alpha=&#8221;100&#8243; shift_x=&#8221;0&#8243; shift_y=&#8221;0&#8243; shift_y_down=&#8221;0&#8243; z_index=&#8221;0&#8243; medium_width=&#8221;3&#8243; mobile_width=&#8221;0&#8243; zoom_width=&#8221;0&#8243; zoom_height=&#8221;0&#8243; width=&#8221;1\/3&#8243; mobile_height=&#8221;260&#8243; uncode_shortcode_id=&#8221;203818&#8243; back_color_type=&#8221;uncode-palette&#8221;][\/vc_column][vc_column column_width_percent=&#8221;100&#8243; position_vertical=&#8221;middle&#8221; align_horizontal=&#8221;align_center&#8221; gutter_size=&#8221;3&#8243; override_padding=&#8221;yes&#8221; column_padding=&#8221;4&#8243; back_color=&#8221;color-xsdn&#8221; overlay_alpha=&#8221;50&#8243; shift_x=&#8221;0&#8243; shift_y=&#8221;0&#8243; shift_y_down=&#8221;0&#8243; z_index=&#8221;0&#8243; medium_width=&#8221;3&#8243; mobile_width=&#8221;0&#8243; zoom_width=&#8221;0&#8243; zoom_height=&#8221;0&#8243; width=&#8221;1\/3&#8243;][vc_icon icon=&#8221;fa fa-search&#8221; size=&#8221;fa-4x&#8221; align=&#8221;&#8221; title=&#8221;Arama Motoru Optimizasyonu (SEO)&#8221; uncode_shortcode_id=&#8221;149613&#8243;]Safir Kreatif olarak web sitenizin google aramalar\u0131nda \u00fcst s\u0131ralarda \u00e7\u0131kmas\u0131n\u0131 sa\u011flamak amac\u0131yla rehberlik ve dan\u0131\u015fmanl\u0131k hizmeti vermekteyiz.[\/vc_icon][vc_button border_animation=&#8221;btn-ripple-out&#8221; outline=&#8221;yes&#8221; text_skin=&#8221;yes&#8221; shadow=&#8221;yes&#8221; border_width=&#8221;0&#8243; link=&#8221;url:%23&#8243; uncode_shortcode_id=&#8221;110939&#8243; icon=&#8221;fa fa-basket&#8221;]Neler Yapar\u0131z?[\/vc_button][\/vc_column][\/vc_row][vc_row unlock_row_content=&#8221;yes&#8221; row_height_percent=&#8221;50&#8243; override_padding=&#8221;yes&#8221; h_padding=&#8221;0&#8243; top_padding=&#8221;0&#8243; bottom_padding=&#8221;0&#8243; back_color=&#8221;color-wayh&#8221; overlay_alpha=&#8221;100&#8243; equal_height=&#8221;yes&#8221; gutter_size=&#8221;0&#8243; shift_y=&#8221;0&#8243; style=&#8221;inherited&#8221;][vc_column column_width_percent=&#8221;100&#8243; position_horizontal=&#8221;left&#8221; gutter_size=&#8221;3&#8243; back_color=&#8221;color-gyho&#8221; back_image=&#8221;55221&#8243; overlay_alpha=&#8221;100&#8243; shift_x=&#8221;0&#8243; shift_y=&#8221;0&#8243; shift_y_down=&#8221;0&#8243; z_index=&#8221;0&#8243; medium_width=&#8221;3&#8243; mobile_width=&#8221;0&#8243; zoom_height=&#8221;0&#8243; width=&#8221;1\/3&#8243; mobile_height=&#8221;260&#8243; uncode_shortcode_id=&#8221;424398&#8243; back_color_type=&#8221;uncode-palette&#8221;][\/vc_column][vc_column column_width_percent=&#8221;100&#8243; position_horizontal=&#8221;left&#8221; position_vertical=&#8221;middle&#8221; align_horizontal=&#8221;align_center&#8221; gutter_size=&#8221;3&#8243; override_padding=&#8221;yes&#8221; column_padding=&#8221;4&#8243; back_color=&#8221;color-xsdn&#8221; overlay_alpha=&#8221;100&#8243; shift_x=&#8221;0&#8243; shift_y=&#8221;0&#8243; shift_y_down=&#8221;0&#8243; z_index=&#8221;0&#8243; medium_width=&#8221;3&#8243; mobile_width=&#8221;0&#8243; zoom_width=&#8221;0&#8243; zoom_height=&#8221;0&#8243; width=&#8221;1\/3&#8243;][vc_icon icon=&#8221;fa fa-bullhorn&#8221; size=&#8221;fa-4x&#8221; align=&#8221;&#8221; title=&#8221;Dijital Reklamc\u0131l\u0131k&#8221; uncode_shortcode_id=&#8221;527165&#8243;]Reklam b\u00fct\u00e7esi y\u00f6netimi, hedefleme, anahtar kelime ara\u015ft\u0131rmas\u0131, g\u00f6sterim reklamlar\u0131, t\u0131klama ba\u015f\u0131na \u00f6deme reklamlar\u0131 ve sosyal medya reklamlar\u0131 gibi \u00e7e\u015fitli reklam stratejilerini i\u00e7erir.[\/vc_icon][vc_button border_animation=&#8221;btn-ripple-out&#8221; outline=&#8221;yes&#8221; text_skin=&#8221;yes&#8221; shadow=&#8221;yes&#8221; border_width=&#8221;0&#8243; link=&#8221;url:%23&#8243; uncode_shortcode_id=&#8221;208873&#8243; icon=&#8221;fa fa-basket&#8221;]Neler Yapar\u0131z?[\/vc_button][\/vc_column][vc_column column_width_percent=&#8221;100&#8243; position_horizontal=&#8221;left&#8221; gutter_size=&#8221;3&#8243; back_color=&#8221;color-gyho&#8221; back_image=&#8221;55220&#8243; overlay_alpha=&#8221;100&#8243; shift_x=&#8221;0&#8243; shift_y=&#8221;0&#8243; shift_y_down=&#8221;0&#8243; z_index=&#8221;0&#8243; medium_width=&#8221;3&#8243; mobile_width=&#8221;0&#8243; zoom_width=&#8221;0&#8243; zoom_height=&#8221;0&#8243; width=&#8221;1\/3&#8243; mobile_height=&#8221;260&#8243; uncode_shortcode_id=&#8221;520976&#8243; back_color_type=&#8221;uncode-palette&#8221;][\/vc_column][\/vc_row][vc_row unlock_row_content=&#8221;yes&#8221; row_height_percent=&#8221;50&#8243; override_padding=&#8221;yes&#8221; h_padding=&#8221;0&#8243; top_padding=&#8221;0&#8243; bottom_padding=&#8221;0&#8243; back_color=&#8221;color-wayh&#8221; overlay_alpha=&#8221;100&#8243; equal_height=&#8221;yes&#8221; gutter_size=&#8221;0&#8243; shift_y=&#8221;0&#8243; style=&#8221;inherited&#8221;][vc_column column_width_percent=&#8221;100&#8243; position_horizontal=&#8221;left&#8221; position_vertical=&#8221;middle&#8221; align_horizontal=&#8221;align_center&#8221; gutter_size=&#8221;3&#8243; override_padding=&#8221;yes&#8221; column_padding=&#8221;4&#8243; back_color=&#8221;color-xsdn&#8221; overlay_alpha=&#8221;100&#8243; shift_x=&#8221;0&#8243; shift_y=&#8221;0&#8243; shift_y_down=&#8221;0&#8243; z_index=&#8221;0&#8243; medium_width=&#8221;3&#8243; mobile_width=&#8221;0&#8243; zoom_width=&#8221;0&#8243; zoom_height=&#8221;0&#8243; width=&#8221;1\/3&#8243;][vc_icon icon=&#8221;fa fa-mobile2&#8243; size=&#8221;fa-4x&#8221; align=&#8221;&#8221; title=&#8221;Mobil Uygulama Geli\u015ftirme&#8221; uncode_shortcode_id=&#8221;801056&#8243;]Mobil uygulama geli\u015ftirme hizmetleri, mobil cihazlarda kullan\u0131labilecek yaz\u0131l\u0131mlar\u0131n tasarlanmas\u0131, geli\u015ftirilmesi, test edilmesi, yay\u0131nlanmas\u0131 ve bak\u0131m\u0131n\u0131n yap\u0131lmas\u0131 gibi s\u00fcre\u00e7leri kapsar.[\/vc_icon][vc_button border_animation=&#8221;btn-ripple-out&#8221; outline=&#8221;yes&#8221; text_skin=&#8221;yes&#8221; shadow=&#8221;yes&#8221; border_width=&#8221;0&#8243; link=&#8221;url:%23&#8243; uncode_shortcode_id=&#8221;579227&#8243; icon=&#8221;fa fa-basket&#8221;]Neler Yapar\u0131z?[\/vc_button][\/vc_column][vc_column column_width_percent=&#8221;100&#8243; position_horizontal=&#8221;left&#8221; gutter_size=&#8221;3&#8243; back_color=&#8221;color-gyho&#8221; back_image=&#8221;55222&#8243; overlay_alpha=&#8221;100&#8243; shift_x=&#8221;0&#8243; shift_y=&#8221;0&#8243; shift_y_down=&#8221;0&#8243; z_index=&#8221;0&#8243; medium_width=&#8221;3&#8243; mobile_width=&#8221;0&#8243; zoom_width=&#8221;0&#8243; zoom_height=&#8221;0&#8243; width=&#8221;1\/3&#8243; mobile_height=&#8221;260&#8243; uncode_shortcode_id=&#8221;197752&#8243; back_color_type=&#8221;uncode-palette&#8221;][\/vc_column][vc_column column_width_percent=&#8221;100&#8243; position_vertical=&#8221;middle&#8221; align_horizontal=&#8221;align_center&#8221; gutter_size=&#8221;3&#8243; override_padding=&#8221;yes&#8221; column_padding=&#8221;4&#8243; back_color=&#8221;color-xsdn&#8221; overlay_alpha=&#8221;50&#8243; shift_x=&#8221;0&#8243; shift_y=&#8221;0&#8243; shift_y_down=&#8221;0&#8243; z_index=&#8221;0&#8243; medium_width=&#8221;3&#8243; mobile_width=&#8221;0&#8243; zoom_width=&#8221;0&#8243; zoom_height=&#8221;0&#8243; width=&#8221;1\/3&#8243;][vc_icon icon=&#8221;fa fa-browser&#8221; size=&#8221;fa-4x&#8221; align=&#8221;&#8221; title=&#8221;Online Sekt\u00f6rel Yaz\u0131l\u0131m&#8221; uncode_shortcode_id=&#8221;196284&#8243;]\u0130\u015finize, Sekt\u00f6rel ve amac\u0131n\u0131za uygun olarak, el birli\u011fiyle yapt\u0131\u011f\u0131m\u0131z \u00e7al\u0131\u015fmalar do\u011frultusunda, ufkumuzun s\u0131n\u0131rlar\u0131n\u0131 zorluyor, yepyeni \u00fcr\u00fcnler geli\u015ftiriyoruz.[\/vc_icon][vc_button border_animation=&#8221;btn-ripple-out&#8221; outline=&#8221;yes&#8221; text_skin=&#8221;yes&#8221; shadow=&#8221;yes&#8221; border_width=&#8221;0&#8243; link=&#8221;url:https%3A%2F%2Fsafirkreatif.com%2Ftr%2Fonline-sektorel-yazilimlar%2F|title:Online%20Sekt%C3%B6rel%20Yaz%C4%B1l%C4%B1mlar&#8221; uncode_shortcode_id=&#8221;491763&#8243; icon=&#8221;fa fa-basket&#8221;]Neler Yapar\u0131z?[\/vc_button][\/vc_column][\/vc_row][vc_row unlock_row_content=&#8221;yes&#8221; row_height_percent=&#8221;50&#8243; override_padding=&#8221;yes&#8221; h_padding=&#8221;0&#8243; top_padding=&#8221;0&#8243; bottom_padding=&#8221;0&#8243; back_color=&#8221;color-wayh&#8221; overlay_alpha=&#8221;100&#8243; equal_height=&#8221;yes&#8221; gutter_size=&#8221;0&#8243; shift_y=&#8221;0&#8243; style=&#8221;inherited&#8221;][vc_column column_width_percent=&#8221;100&#8243; position_horizontal=&#8221;left&#8221; gutter_size=&#8221;3&#8243; back_color=&#8221;color-gyho&#8221; back_image=&#8221;55224&#8243; overlay_alpha=&#8221;100&#8243; shift_x=&#8221;0&#8243; shift_y=&#8221;0&#8243; shift_y_down=&#8221;0&#8243; z_index=&#8221;0&#8243; medium_width=&#8221;3&#8243; mobile_width=&#8221;0&#8243; zoom_height=&#8221;0&#8243; width=&#8221;1\/3&#8243; mobile_height=&#8221;260&#8243; uncode_shortcode_id=&#8221;153511&#8243; back_color_type=&#8221;uncode-palette&#8221;][\/vc_column][vc_column column_width_percent=&#8221;100&#8243; position_horizontal=&#8221;left&#8221; position_vertical=&#8221;middle&#8221; align_horizontal=&#8221;align_center&#8221; gutter_size=&#8221;3&#8243; override_padding=&#8221;yes&#8221; column_padding=&#8221;4&#8243; back_color=&#8221;color-xsdn&#8221; overlay_alpha=&#8221;100&#8243; shift_x=&#8221;0&#8243; shift_y=&#8221;0&#8243; shift_y_down=&#8221;0&#8243; z_index=&#8221;0&#8243; medium_width=&#8221;3&#8243; mobile_width=&#8221;0&#8243; zoom_width=&#8221;0&#8243; zoom_height=&#8221;0&#8243; width=&#8221;1\/3&#8243;][vc_icon icon=&#8221;fa fa-video&#8221; size=&#8221;fa-4x&#8221; align=&#8221;&#8221; title=&#8221;Video Kurgu\/D\u00fczenleme&#8221; uncode_shortcode_id=&#8221;155320&#8243;]Televizyon reklamlar\u0131, dijital reklamlar, sosyal medya reklamlar\u0131 ve video tan\u0131t\u0131m filmleri gibi bir\u00e7ok farkl\u0131 reklam t\u00fcr\u00fc i\u00e7in video kurgu hizmetleri[\/vc_icon][vc_button border_animation=&#8221;btn-ripple-out&#8221; outline=&#8221;yes&#8221; text_skin=&#8221;yes&#8221; shadow=&#8221;yes&#8221; border_width=&#8221;0&#8243; link=&#8221;url:%23&#8243; uncode_shortcode_id=&#8221;208873&#8243; icon=&#8221;fa fa-basket&#8221;]Neler Yapar\u0131z?[\/vc_button][\/vc_column][vc_column column_width_percent=&#8221;100&#8243; position_horizontal=&#8221;left&#8221; gutter_size=&#8221;3&#8243; back_color=&#8221;color-gyho&#8221; back_image=&#8221;55223&#8243; overlay_alpha=&#8221;100&#8243; shift_x=&#8221;0&#8243; shift_y=&#8221;0&#8243; shift_y_down=&#8221;0&#8243; z_index=&#8221;0&#8243; medium_width=&#8221;3&#8243; mobile_width=&#8221;0&#8243; zoom_width=&#8221;0&#8243; zoom_height=&#8221;0&#8243; width=&#8221;1\/3&#8243; mobile_height=&#8221;260&#8243; uncode_shortcode_id=&#8221;849881&#8243; back_color_type=&#8221;uncode-palette&#8221;][\/vc_column][\/vc_row][vc_row unlock_row_content=&#8221;yes&#8221; row_height_percent=&#8221;55&#8243; override_padding=&#8221;yes&#8221; h_padding=&#8221;0&#8243; top_padding=&#8221;0&#8243; bottom_padding=&#8221;0&#8243; overlay_alpha=&#8221;50&#8243; equal_height=&#8221;yes&#8221; gutter_size=&#8221;0&#8243; column_width_percent=&#8221;100&#8243; shift_y=&#8221;0&#8243; z_index=&#8221;0&#8243; el_class=&#8221;inverted-device-order&#8221;][vc_column column_width_use_pixel=&#8221;yes&#8221; position_vertical=&#8221;middle&#8221; gutter_size=&#8221;3&#8243; override_padding=&#8221;yes&#8221; column_padding=&#8221;5&#8243; overlay_alpha=&#8221;50&#8243; shift_x=&#8221;0&#8243; shift_y=&#8221;0&#8243; shift_y_down=&#8221;0&#8243; z_index=&#8221;0&#8243; medium_width=&#8221;0&#8243; mobile_width=&#8221;0&#8243; width=&#8221;1\/2&#8243; column_width_pixel=&#8221;600&#8243;][vc_row_inner limit_content=&#8221;&#8221;][vc_column_inner column_width_percent=&#8221;100&#8243; gutter_size=&#8221;2&#8243; overlay_alpha=&#8221;50&#8243; shift_x=&#8221;0&#8243; shift_y=&#8221;0&#8243; shift_y_down=&#8221;0&#8243; z_index=&#8221;0&#8243; medium_width=&#8221;0&#8243; mobile_width=&#8221;0&#8243; width=&#8221;1\/1&#8243;][vc_custom_heading heading_semantic=&#8221;h3&#8243; uncode_shortcode_id=&#8221;120994&#8243;]B\u0130ZE ULA\u015eIN![\/vc_custom_heading][vc_column_text uncode_shortcode_id=&#8221;563130&#8243;]Projen i\u00e7in neler yapabiliriz?[\/vc_column_text][\/vc_column_inner][\/vc_row_inner][vc_row_inner limit_content=&#8221;&#8221;][vc_column_inner column_width_percent=&#8221;100&#8243; gutter_size=&#8221;2&#8243; overlay_alpha=&#8221;50&#8243; shift_x=&#8221;0&#8243; shift_y=&#8221;0&#8243; shift_y_down=&#8221;0&#8243; z_index=&#8221;0&#8243; medium_width=&#8221;0&#8243; mobile_width=&#8221;0&#8243; width=&#8221;1\/1&#8243;][vc_icon position=&#8221;left&#8221; icon=&#8221;fa fa-phone4&#8243; size=&#8221;fa-2x&#8221; text_size=&#8221;h6&#8243; title=&#8221;Tel: 0212 246 09 70&#8243; uncode_shortcode_id=&#8221;767401&#8243;][\/vc_icon][vc_icon position=&#8221;left&#8221; icon=&#8221;fa fa-mobile&#8221; size=&#8221;fa-2x&#8221; text_size=&#8221;h6&#8243; title=&#8221;GSM: 0506 981 16 93&#8243; uncode_shortcode_id=&#8221;163404&#8243;][\/vc_icon][vc_icon position=&#8221;left&#8221; icon=&#8221;fa fa-envelope2&#8243; size=&#8221;fa-2x&#8221; text_size=&#8221;h6&#8243; title=&#8221;info@safirkreatif.com&#8221; uncode_shortcode_id=&#8221;119953&#8243;][\/vc_icon][vc_icon position=&#8221;left&#8221; icon=&#8221;fa fa-address-book-o&#8221; size=&#8221;fa-2x&#8221; text_size=&#8221;h6&#8243; title=&#8221;\u0130zzetpa\u015fa mah. G\u00fcr\u00fcn cad. No:1 Daire:3 \u015ei\u015fli \/ \u0130STANBUL&#8221; uncode_shortcode_id=&#8221;101430&#8243;][\/vc_icon][\/vc_column_inner][\/vc_row_inner][vc_row_inner limit_content=&#8221;&#8221;][vc_column_inner column_width_percent=&#8221;100&#8243; gutter_size=&#8221;2&#8243; overlay_alpha=&#8221;50&#8243; shift_x=&#8221;0&#8243; shift_y=&#8221;0&#8243; shift_y_down=&#8221;0&#8243; z_index=&#8221;0&#8243; medium_width=&#8221;0&#8243; mobile_width=&#8221;0&#8243; width=&#8221;1\/1&#8243;][vc_separator sep_color=&#8221;,Default&#8221;][uncode_socials size=&#8221;lead&#8221;][\/vc_column_inner][\/vc_row_inner][\/vc_column][vc_column column_width_percent=&#8221;100&#8243; gutter_size=&#8221;3&#8243; overlay_alpha=&#8221;50&#8243; shift_x=&#8221;0&#8243; shift_y=&#8221;0&#8243; shift_y_down=&#8221;0&#8243; z_index=&#8221;0&#8243; medium_width=&#8221;0&#8243; mobile_width=&#8221;0&#8243; width=&#8221;1\/2&#8243; mobile_height=&#8221;360&#8243; uncode_shortcode_id=&#8221;113107&#8243;][vc_column_text uncode_shortcode_id=&#8221;210000&#8243;]<iframe src=\"https:\/\/www.google.com\/maps\/embed?pb=!1m14!1m8!1m3!1d12032.12830393554!2d28.9864496!3d41.0682915!3m2!1i1024!2i768!4f13.1!3m3!1m2!1s0x14b9a7bb14b9ccd3%3A0x33d687a21df57bc7!2zU2FmaXIgS3JlYXRpZiBBamFucyBZYXrEsWzEsW0gQmlsacWfaW0gJiBEYW7EscWfbWFubMSxaw!5e0!3m2!1str!2str!4v1677150126261!5m2!1str!2str\" width=\"600\" height=\"450\" style=\"border:0;\" allowfullscreen=\"\" loading=\"lazy\" referrerpolicy=\"no-referrer-when-downgrade\"><\/iframe>[\/vc_column_text][\/vc_column][\/vc_row]<\/p>\n","protected":false},"excerpt":{"rendered":"<p>[vc_row unlock_row_content=&#8221;yes&#8221; row_height_percent=&#8221;50&#8243; override_padding=&#8221;yes&#8221; h_padding=&#8221;0&#8243; top_padding=&#8221;0&#8243; bottom_padding=&#8221;0&#8243; back_color=&#8221;color-wayh&#8221; overlay_alpha=&#8221;100&#8243; equal_height=&#8221;yes&#8221; gutter_size=&#8221;0&#8243; shift_y=&#8221;0&#8243; style=&#8221;inherited&#8221;][vc_column column_width_percent=&#8221;100&#8243; position_horizontal=&#8221;left&#8221; position_vertical=&#8221;middle&#8221; align_horizontal=&#8221;align_center&#8221; gutter_size=&#8221;3&#8243; override_padding=&#8221;yes&#8221; column_padding=&#8221;4&#8243; [&hellip;]<\/p>\n","protected":false},"author":1,"featured_media":0,"parent":0,"menu_order":0,"comment_status":"open","ping_status":"closed","template":"","meta":{"_joinchat":[],"footnotes":""},"class_list":["post-24366","page","type-page","status-publish","hentry"],"aioseo_notices":[],"_links":{"self":[{"href":"https:\/\/safirkreatif.com\/tr\/wp-json\/wp\/v2\/pages\/24366","targetHints":{"allow":["GET"]}}],"collection":[{"href":"https:\/\/safirkreatif.com\/tr\/wp-json\/wp\/v2\/pages"}],"about":[{"href":"https:\/\/safirkreatif.com\/tr\/wp-json\/wp\/v2\/types\/page"}],"author":[{"embeddable":true,"href":"https:\/\/safirkreatif.com\/tr\/wp-json\/wp\/v2\/users\/1"}],"replies":[{"embeddable":true,"href":"https:\/\/safirkreatif.com\/tr\/wp-json\/wp\/v2\/comments?post=24366"}],"version-history":[{"count":0,"href":"https:\/\/safirkreatif.com\/tr\/wp-json\/wp\/v2\/pages\/24366\/revisions"}],"wp:attachment":[{"href":"https:\/\/safirkreatif.com\/tr\/wp-json\/wp\/v2\/media?parent=24366"}],"curies":[{"name":"wp","href":"https:\/\/api.w.org\/{rel}","templated":true}]}}